{"id":9150,"date":"2019-07-12T05:42:21","date_gmt":"2019-07-12T05:42:21","guid":{"rendered":"https:\/\/www.assurancesbraet.be\/?page_id=9150"},"modified":"2023-11-21T14:58:34","modified_gmt":"2023-11-21T14:58:34","slug":"bibliotheque-des-conditions-generales","status":"publish","type":"page","link":"https:\/\/pharmacie-de-battignies.serverweb-prod.com\/nl\/bibliotheque-des-conditions-generales\/","title":{"rendered":"Biblioth\u00e8que des conditions g\u00e9n\u00e9rales"},"content":{"rendered":"<div class=\"wpb-content-wrapper\">[vc_row css=&#8221;.vc_custom_1558770361055{padding-top: 40px !important;}&#8221;][vc_column]<h3 class=\"vcex-heading vcex-module wpex-text-2xl wpex-font-normal wpex-m-auto wpex-max-w-100 vcex-heading-plain wpex-block\" style=\"color:#005172;\"><span class=\"vcex-heading-inner wpex-inline-block wpex-clr\">Conditions g\u00e9n\u00e9rales<\/span><\/h3>[vc_empty_space height=&#8221;10px&#8221;][vc_column_text]Dans la biblioth\u00e8que ci-dessous vous trouverez les Conditions G\u00e9n\u00e9rales des produits que nous proposons habituellement.[\/vc_column_text][vc_empty_space][vc_raw_html]JTNDaWZyYW1lJTIwc3JjJTNEJTIyaHR0cHMlM0ElMkYlMkZ3d3cuYXNzdXJhbmNlc2JyYWV0LmJlJTJGd3AtY29udGVudCUyRnVwbG9hZHMlMkZjb25kaXRpb25zLWdlbmVyYWxlcyUyRmluZGV4Lmh0bWwlMjIlMjB3aWR0aCUzRCUyMjEwMCUyNSUyMiUyMGhlaWdodCUzRCUyMjQwMHB4JTIyJTNFJTNDJTJGaWZyYW1lJTNF[\/vc_raw_html][\/vc_column][\/vc_row]\n<\/div>","protected":false},"excerpt":{"rendered":"<p>[vc_row css=&#8221;.vc_custom_1558770361055{padding-top: 40px !important;}&#8221;][vc_column][vc_empty_space height=&#8221;10px&#8221;][vc_column_text]Dans la biblioth\u00e8que ci-dessous vous trouverez les Conditions G\u00e9n\u00e9rales des produits que nous proposons habituellement.[\/vc_column_text][vc_empty_space][vc_raw_html]JTNDaWZyYW1lJTIwc3JjJTNEJTIyaHR0cHMlM0ElMkYlMkZ3d3cuYXNzdXJhbmNlc2JyYWV0LmJlJTJGd3AtY29udGVudCUyRnVwbG9hZHMlMkZjb25kaXRpb25zLWdlbmVyYWxlcyUyRmluZGV4Lmh0bWwlMjIlMjB3aWR0aCUzRCUyMjEwMCUyNSUyMiUyMGhlaWdodCUzRCUyMjQwMHB4JTIyJTNFJTNDJTJGaWZyYW1lJTNF[\/vc_raw_html][\/vc_column][\/vc_row]<\/p>\n","protected":false},"author":5,"featured_media":0,"parent":0,"menu_order":0,"comment_status":"closed","ping_status":"closed","template":"","meta":{"_monsterinsights_skip_tracking":false,"_monsterinsights_sitenote_active":false,"_monsterinsights_sitenote_note":"","_monsterinsights_sitenote_category":0,"footnotes":""},"class_list":["post-9150","page","type-page","status-publish","hentry","entry","no-media"],"yoast_head":"<!-- This site is optimized with the Yoast SEO plugin v26.5 - https:\/\/yoast.com\/wordpress\/plugins\/seo\/ -->\n<title>Biblioth\u00e8que des conditions g\u00e9n\u00e9rales | Braet &amp; Co.<\/title>\n<meta name=\"description\" content=\"Nous mettons \u00e0 votre disposition un outil pour trouver les Conditions G\u00e9n\u00e9rales des assurances que nous proposons \u00e0 Wemmel et Jodoigne.\" \/>\n<meta name=\"robots\" content=\"index, follow, max-snippet:-1, max-image-preview:large, max-video-preview:-1\" \/>\n<link rel=\"canonical\" href=\"https:\/\/pharmacie-de-battignies.serverweb-prod.com\/nl\/bibliotheque-des-conditions-generales\/\" \/>\n<meta property=\"og:locale\" content=\"nl_NL\" \/>\n<meta property=\"og:type\" content=\"article\" \/>\n<meta property=\"og:title\" content=\"Biblioth\u00e8que des conditions g\u00e9n\u00e9rales | Braet &amp; Co.\" \/>\n<meta property=\"og:description\" content=\"Nous mettons \u00e0 votre disposition un outil pour trouver les Conditions G\u00e9n\u00e9rales des assurances que nous proposons \u00e0 Wemmel et Jodoigne.\" \/>\n<meta property=\"og:url\" content=\"https:\/\/pharmacie-de-battignies.serverweb-prod.com\/nl\/bibliotheque-des-conditions-generales\/\" \/>\n<meta property=\"og:site_name\" content=\"Braet &amp; Co.\" \/>\n<meta property=\"article:modified_time\" content=\"2023-11-21T14:58:34+00:00\" \/>\n<meta property=\"og:image\" content=\"https:\/\/pharmacie-de-battignies.serverweb-prod.com\/wp-content\/uploads\/2023\/11\/Logo-AB-BraetCo-BDEF.png\" \/>\n\t<meta property=\"og:image:width\" content=\"442\" \/>\n\t<meta property=\"og:image:height\" content=\"218\" \/>\n\t<meta property=\"og:image:type\" content=\"image\/png\" \/>\n<meta name=\"twitter:card\" content=\"summary_large_image\" \/>\n<script type=\"application\/ld+json\" class=\"yoast-schema-graph\">{\"@context\":\"https:\/\/schema.org\",\"@graph\":[{\"@type\":\"WebPage\",\"@id\":\"https:\/\/pharmacie-de-battignies.serverweb-prod.com\/nl\/bibliotheque-des-conditions-generales\/\",\"url\":\"https:\/\/pharmacie-de-battignies.serverweb-prod.com\/nl\/bibliotheque-des-conditions-generales\/\",\"name\":\"Biblioth\u00e8que des conditions g\u00e9n\u00e9rales | Braet &amp; Co.\",\"isPartOf\":{\"@id\":\"https:\/\/pharmacie-de-battignies.serverweb-prod.com\/#website\"},\"datePublished\":\"2019-07-12T05:42:21+00:00\",\"dateModified\":\"2023-11-21T14:58:34+00:00\",\"description\":\"Nous mettons \u00e0 votre disposition un outil pour trouver les Conditions G\u00e9n\u00e9rales des assurances que nous proposons \u00e0 Wemmel et Jodoigne.\",\"breadcrumb\":{\"@id\":\"https:\/\/pharmacie-de-battignies.serverweb-prod.com\/nl\/bibliotheque-des-conditions-generales\/#breadcrumb\"},\"inLanguage\":\"nl-NL\",\"potentialAction\":[{\"@type\":\"ReadAction\",\"target\":[\"https:\/\/pharmacie-de-battignies.serverweb-prod.com\/nl\/bibliotheque-des-conditions-generales\/\"]}]},{\"@type\":\"BreadcrumbList\",\"@id\":\"https:\/\/pharmacie-de-battignies.serverweb-prod.com\/nl\/bibliotheque-des-conditions-generales\/#breadcrumb\",\"itemListElement\":[{\"@type\":\"ListItem\",\"position\":1,\"name\":\"Accueil\",\"item\":\"https:\/\/pharmacie-de-battignies.serverweb-prod.com\/nl\/\"},{\"@type\":\"ListItem\",\"position\":2,\"name\":\"Biblioth\u00e8que des conditions g\u00e9n\u00e9rales\"}]},{\"@type\":\"WebSite\",\"@id\":\"https:\/\/pharmacie-de-battignies.serverweb-prod.com\/#website\",\"url\":\"https:\/\/pharmacie-de-battignies.serverweb-prod.com\/\",\"name\":\"Braet & Co\",\"description\":\"Braet &amp; Co.\",\"publisher\":{\"@id\":\"https:\/\/pharmacie-de-battignies.serverweb-prod.com\/#organization\"},\"potentialAction\":[{\"@type\":\"SearchAction\",\"target\":{\"@type\":\"EntryPoint\",\"urlTemplate\":\"https:\/\/pharmacie-de-battignies.serverweb-prod.com\/?s={search_term_string}\"},\"query-input\":{\"@type\":\"PropertyValueSpecification\",\"valueRequired\":true,\"valueName\":\"search_term_string\"}}],\"inLanguage\":\"nl-NL\"},{\"@type\":\"Organization\",\"@id\":\"https:\/\/pharmacie-de-battignies.serverweb-prod.com\/#organization\",\"name\":\"Bread & Co\",\"url\":\"https:\/\/pharmacie-de-battignies.serverweb-prod.com\/\",\"logo\":{\"@type\":\"ImageObject\",\"inLanguage\":\"nl-NL\",\"@id\":\"https:\/\/pharmacie-de-battignies.serverweb-prod.com\/#\/schema\/logo\/image\/\",\"url\":\"https:\/\/pharmacie-de-battignies.serverweb-prod.com\/wp-content\/uploads\/2023\/11\/Logo-AB-BraetCo-BDEF.png\",\"contentUrl\":\"https:\/\/pharmacie-de-battignies.serverweb-prod.com\/wp-content\/uploads\/2023\/11\/Logo-AB-BraetCo-BDEF.png\",\"width\":442,\"height\":218,\"caption\":\"Bread & Co\"},\"image\":{\"@id\":\"https:\/\/pharmacie-de-battignies.serverweb-prod.com\/#\/schema\/logo\/image\/\"}}]}<\/script>\n<!-- \/ Yoast SEO plugin. -->","yoast_head_json":{"title":"Biblioth\u00e8que des conditions g\u00e9n\u00e9rales | Braet &amp; Co.","description":"Nous mettons \u00e0 votre disposition un outil pour trouver les Conditions G\u00e9n\u00e9rales des assurances que nous proposons \u00e0 Wemmel et Jodoigne.","robots":{"index":"index","follow":"follow","max-snippet":"max-snippet:-1","max-image-preview":"max-image-preview:large","max-video-preview":"max-video-preview:-1"},"canonical":"https:\/\/pharmacie-de-battignies.serverweb-prod.com\/nl\/bibliotheque-des-conditions-generales\/","og_locale":"nl_NL","og_type":"article","og_title":"Biblioth\u00e8que des conditions g\u00e9n\u00e9rales | Braet &amp; Co.","og_description":"Nous mettons \u00e0 votre disposition un outil pour trouver les Conditions G\u00e9n\u00e9rales des assurances que nous proposons \u00e0 Wemmel et Jodoigne.","og_url":"https:\/\/pharmacie-de-battignies.serverweb-prod.com\/nl\/bibliotheque-des-conditions-generales\/","og_site_name":"Braet &amp; Co.","article_modified_time":"2023-11-21T14:58:34+00:00","og_image":[{"width":442,"height":218,"url":"https:\/\/pharmacie-de-battignies.serverweb-prod.com\/wp-content\/uploads\/2023\/11\/Logo-AB-BraetCo-BDEF.png","type":"image\/png"}],"twitter_card":"summary_large_image","schema":{"@context":"https:\/\/schema.org","@graph":[{"@type":"WebPage","@id":"https:\/\/pharmacie-de-battignies.serverweb-prod.com\/nl\/bibliotheque-des-conditions-generales\/","url":"https:\/\/pharmacie-de-battignies.serverweb-prod.com\/nl\/bibliotheque-des-conditions-generales\/","name":"Biblioth\u00e8que des conditions g\u00e9n\u00e9rales | Braet &amp; Co.","isPartOf":{"@id":"https:\/\/pharmacie-de-battignies.serverweb-prod.com\/#website"},"datePublished":"2019-07-12T05:42:21+00:00","dateModified":"2023-11-21T14:58:34+00:00","description":"Nous mettons \u00e0 votre disposition un outil pour trouver les Conditions G\u00e9n\u00e9rales des assurances que nous proposons \u00e0 Wemmel et Jodoigne.","breadcrumb":{"@id":"https:\/\/pharmacie-de-battignies.serverweb-prod.com\/nl\/bibliotheque-des-conditions-generales\/#breadcrumb"},"inLanguage":"nl-NL","potentialAction":[{"@type":"ReadAction","target":["https:\/\/pharmacie-de-battignies.serverweb-prod.com\/nl\/bibliotheque-des-conditions-generales\/"]}]},{"@type":"BreadcrumbList","@id":"https:\/\/pharmacie-de-battignies.serverweb-prod.com\/nl\/bibliotheque-des-conditions-generales\/#breadcrumb","itemListElement":[{"@type":"ListItem","position":1,"name":"Accueil","item":"https:\/\/pharmacie-de-battignies.serverweb-prod.com\/nl\/"},{"@type":"ListItem","position":2,"name":"Biblioth\u00e8que des conditions g\u00e9n\u00e9rales"}]},{"@type":"WebSite","@id":"https:\/\/pharmacie-de-battignies.serverweb-prod.com\/#website","url":"https:\/\/pharmacie-de-battignies.serverweb-prod.com\/","name":"Braet & Co","description":"Braet &amp; Co.","publisher":{"@id":"https:\/\/pharmacie-de-battignies.serverweb-prod.com\/#organization"},"potentialAction":[{"@type":"SearchAction","target":{"@type":"EntryPoint","urlTemplate":"https:\/\/pharmacie-de-battignies.serverweb-prod.com\/?s={search_term_string}"},"query-input":{"@type":"PropertyValueSpecification","valueRequired":true,"valueName":"search_term_string"}}],"inLanguage":"nl-NL"},{"@type":"Organization","@id":"https:\/\/pharmacie-de-battignies.serverweb-prod.com\/#organization","name":"Bread & Co","url":"https:\/\/pharmacie-de-battignies.serverweb-prod.com\/","logo":{"@type":"ImageObject","inLanguage":"nl-NL","@id":"https:\/\/pharmacie-de-battignies.serverweb-prod.com\/#\/schema\/logo\/image\/","url":"https:\/\/pharmacie-de-battignies.serverweb-prod.com\/wp-content\/uploads\/2023\/11\/Logo-AB-BraetCo-BDEF.png","contentUrl":"https:\/\/pharmacie-de-battignies.serverweb-prod.com\/wp-content\/uploads\/2023\/11\/Logo-AB-BraetCo-BDEF.png","width":442,"height":218,"caption":"Bread & Co"},"image":{"@id":"https:\/\/pharmacie-de-battignies.serverweb-prod.com\/#\/schema\/logo\/image\/"}}]}},"_links":{"self":[{"href":"https:\/\/pharmacie-de-battignies.serverweb-prod.com\/nl\/wp-json\/wp\/v2\/pages\/9150","targetHints":{"allow":["GET"]}}],"collection":[{"href":"https:\/\/pharmacie-de-battignies.serverweb-prod.com\/nl\/wp-json\/wp\/v2\/pages"}],"about":[{"href":"https:\/\/pharmacie-de-battignies.serverweb-prod.com\/nl\/wp-json\/wp\/v2\/types\/page"}],"author":[{"embeddable":true,"href":"https:\/\/pharmacie-de-battignies.serverweb-prod.com\/nl\/wp-json\/wp\/v2\/users\/5"}],"replies":[{"embeddable":true,"href":"https:\/\/pharmacie-de-battignies.serverweb-prod.com\/nl\/wp-json\/wp\/v2\/comments?post=9150"}],"version-history":[{"count":6,"href":"https:\/\/pharmacie-de-battignies.serverweb-prod.com\/nl\/wp-json\/wp\/v2\/pages\/9150\/revisions"}],"predecessor-version":[{"id":9721,"href":"https:\/\/pharmacie-de-battignies.serverweb-prod.com\/nl\/wp-json\/wp\/v2\/pages\/9150\/revisions\/9721"}],"wp:attachment":[{"href":"https:\/\/pharmacie-de-battignies.serverweb-prod.com\/nl\/wp-json\/wp\/v2\/media?parent=9150"}],"curies":[{"name":"wp","href":"https:\/\/api.w.org\/{rel}","templated":true}]}}