{"id":9166,"date":"2019-09-03T10:48:51","date_gmt":"2019-09-03T10:48:51","guid":{"rendered":"https:\/\/www.assurancesbraet.be\/?page_id=9166"},"modified":"2019-09-04T11:03:40","modified_gmt":"2019-09-04T11:03:40","slug":"informatie-en-documenten","status":"publish","type":"page","link":"https:\/\/pharmacie-de-battignies.serverweb-prod.com\/nl\/informatie-en-documenten\/","title":{"rendered":"Informatie en documenten"},"content":{"rendered":"<div class=\"wpb-content-wrapper\">[vc_row][vc_column][vc_column_text]Hieronder vindt u een reeks nuttige documenten. Algemene voorwaarden, financi\u00eble informatie of informatie met betrekking tot verzekerings- en\/of spaarproducten. Ook in geval van een schadegeval zijn er nuttige documenten waarmee u ons snel en effici\u00ebnt op de hoogte kunt stellen van eventuele schade.<\/p>\n<p>U kunt documenten selecteren per bedrijf, maar ook per filiaal en documenttype. Als u een documentreferentie heeft, voer deze dan direct in.<\/p>\n<p>Naar de <a href=\"https:\/\/pharmacie-de-battignies.serverweb-prod.com\/nl\/algemene-voorwaarden-bibliotheek\/\">algemene voorwaarden bibliotheek<\/a>.<\/p>\n<h2><strong>Nuttige links<\/strong><\/h2>\n<p>Hieronder vindt u enkele nuttige links.<\/p>\n<p><a href=\"https:\/\/mobilit.belgium.be\/nl\">DIV-kantoren<\/a><br \/>\nAdressen en contactgegevens van de DIV-kantoren (voertuigregistratie)<br \/>\n<a href=\"http:\/\/notaris.be\/\" target=\"_blank\" rel=\"nofollow noopener noreferrer\">Notaris.be<\/a><br \/>\nOp deze site vindt u de wettelijke bepalingen met betrekking tot huur, aankoop, samenwoning, huwelijk, &#8230;.<br \/>\n<a href=\"https:\/\/cardstop.be\/nl\/home.html\">Card Stop<\/a><br \/>\nOm uw bank of creditcard te blokkeren in geval van verlies of diefstal.<br \/>\n<a href=\"https:\/\/www.assuralia.be\/nl\/?id=379&amp;L=1\">Assuralia<\/a><br \/>\nDe website van de beroepsvereniging van verzekeringsmaatschappijen. Interessante artikelen en checklists.<br \/>\n<a href=\"https:\/\/www.ombudsman.as\/nl\/homepage\">Ombudsman van de verzekeringen<\/a><br \/>\nDe Ombudsman en zijn team onderzoeken verzekeringsgeschillen tussen een consument en een verzekeringsmaatschappij of tussenpersoon.[\/vc_column_text][\/vc_column][\/vc_row]\n<\/div>","protected":false},"excerpt":{"rendered":"<p>[vc_row][vc_column][vc_column_text]Hieronder vindt u een reeks nuttige documenten. Algemene voorwaarden, financi\u00eble informatie of informatie met betrekking tot verzekerings- en\/of spaarproducten. Ook in geval van een schadegeval zijn er nuttige documenten waarmee u ons snel en effici\u00ebnt op de hoogte kunt stellen van eventuele schade. U kunt documenten selecteren per bedrijf, maar ook per filiaal en documenttype.&hellip;<\/p>\n","protected":false},"author":5,"featured_media":0,"parent":0,"menu_order":0,"comment_status":"closed","ping_status":"closed","template":"","meta":{"_monsterinsights_skip_tracking":false,"_monsterinsights_sitenote_active":false,"_monsterinsights_sitenote_note":"","_monsterinsights_sitenote_category":0,"footnotes":""},"class_list":["post-9166","page","type-page","status-publish","hentry","entry","no-media"],"yoast_head":"<!-- This site is optimized with the Yoast SEO plugin v26.5 - https:\/\/yoast.com\/wordpress\/plugins\/seo\/ -->\n<title>Informatie en documenten sur nos assurances | Braet &amp; Co.<\/title>\n<meta name=\"description\" content=\"Nous vous proposons une s\u00e9rie de documents utiles : conditions g\u00e9n\u00e9rales, de l\u2019information financi\u00e8re ou relative \u00e0 des produits d\u2019assurance...\" \/>\n<meta name=\"robots\" content=\"index, follow, max-snippet:-1, max-image-preview:large, max-video-preview:-1\" \/>\n<link rel=\"canonical\" href=\"https:\/\/pharmacie-de-battignies.serverweb-prod.com\/nl\/informatie-en-documenten\/\" \/>\n<meta property=\"og:locale\" content=\"nl_NL\" \/>\n<meta property=\"og:type\" content=\"article\" \/>\n<meta property=\"og:title\" content=\"Informatie en documenten sur nos assurances | Braet &amp; Co.\" \/>\n<meta property=\"og:description\" content=\"Nous vous proposons une s\u00e9rie de documents utiles : conditions g\u00e9n\u00e9rales, de l\u2019information financi\u00e8re ou relative \u00e0 des produits d\u2019assurance...\" \/>\n<meta property=\"og:url\" content=\"https:\/\/pharmacie-de-battignies.serverweb-prod.com\/nl\/informatie-en-documenten\/\" \/>\n<meta property=\"og:site_name\" content=\"Braet &amp; Co.\" \/>\n<meta property=\"article:modified_time\" content=\"2019-09-04T11:03:40+00:00\" \/>\n<meta property=\"og:image\" content=\"https:\/\/pharmacie-de-battignies.serverweb-prod.com\/wp-content\/uploads\/2023\/11\/Logo-AB-BraetCo-BDEF.png\" \/>\n\t<meta property=\"og:image:width\" content=\"442\" \/>\n\t<meta property=\"og:image:height\" content=\"218\" \/>\n\t<meta property=\"og:image:type\" content=\"image\/png\" \/>\n<meta name=\"twitter:card\" content=\"summary_large_image\" \/>\n<meta name=\"twitter:label1\" content=\"Geschatte leestijd\" \/>\n\t<meta name=\"twitter:data1\" content=\"1 minuut\" \/>\n<script type=\"application\/ld+json\" class=\"yoast-schema-graph\">{\"@context\":\"https:\/\/schema.org\",\"@graph\":[{\"@type\":\"WebPage\",\"@id\":\"https:\/\/pharmacie-de-battignies.serverweb-prod.com\/nl\/informatie-en-documenten\/\",\"url\":\"https:\/\/pharmacie-de-battignies.serverweb-prod.com\/nl\/informatie-en-documenten\/\",\"name\":\"Informatie en documenten sur nos assurances | Braet &amp; Co.\",\"isPartOf\":{\"@id\":\"https:\/\/pharmacie-de-battignies.serverweb-prod.com\/#website\"},\"datePublished\":\"2019-09-03T10:48:51+00:00\",\"dateModified\":\"2019-09-04T11:03:40+00:00\",\"description\":\"Nous vous proposons une s\u00e9rie de documents utiles : conditions g\u00e9n\u00e9rales, de l\u2019information financi\u00e8re ou relative \u00e0 des produits d\u2019assurance...\",\"breadcrumb\":{\"@id\":\"https:\/\/pharmacie-de-battignies.serverweb-prod.com\/nl\/informatie-en-documenten\/#breadcrumb\"},\"inLanguage\":\"nl-NL\",\"potentialAction\":[{\"@type\":\"ReadAction\",\"target\":[\"https:\/\/pharmacie-de-battignies.serverweb-prod.com\/nl\/informatie-en-documenten\/\"]}]},{\"@type\":\"BreadcrumbList\",\"@id\":\"https:\/\/pharmacie-de-battignies.serverweb-prod.com\/nl\/informatie-en-documenten\/#breadcrumb\",\"itemListElement\":[{\"@type\":\"ListItem\",\"position\":1,\"name\":\"Accueil\",\"item\":\"https:\/\/pharmacie-de-battignies.serverweb-prod.com\/nl\/\"},{\"@type\":\"ListItem\",\"position\":2,\"name\":\"Informatie en documenten\"}]},{\"@type\":\"WebSite\",\"@id\":\"https:\/\/pharmacie-de-battignies.serverweb-prod.com\/#website\",\"url\":\"https:\/\/pharmacie-de-battignies.serverweb-prod.com\/\",\"name\":\"Braet & Co\",\"description\":\"Braet &amp; Co.\",\"publisher\":{\"@id\":\"https:\/\/pharmacie-de-battignies.serverweb-prod.com\/#organization\"},\"potentialAction\":[{\"@type\":\"SearchAction\",\"target\":{\"@type\":\"EntryPoint\",\"urlTemplate\":\"https:\/\/pharmacie-de-battignies.serverweb-prod.com\/?s={search_term_string}\"},\"query-input\":{\"@type\":\"PropertyValueSpecification\",\"valueRequired\":true,\"valueName\":\"search_term_string\"}}],\"inLanguage\":\"nl-NL\"},{\"@type\":\"Organization\",\"@id\":\"https:\/\/pharmacie-de-battignies.serverweb-prod.com\/#organization\",\"name\":\"Bread & Co\",\"url\":\"https:\/\/pharmacie-de-battignies.serverweb-prod.com\/\",\"logo\":{\"@type\":\"ImageObject\",\"inLanguage\":\"nl-NL\",\"@id\":\"https:\/\/pharmacie-de-battignies.serverweb-prod.com\/#\/schema\/logo\/image\/\",\"url\":\"https:\/\/pharmacie-de-battignies.serverweb-prod.com\/wp-content\/uploads\/2023\/11\/Logo-AB-BraetCo-BDEF.png\",\"contentUrl\":\"https:\/\/pharmacie-de-battignies.serverweb-prod.com\/wp-content\/uploads\/2023\/11\/Logo-AB-BraetCo-BDEF.png\",\"width\":442,\"height\":218,\"caption\":\"Bread & Co\"},\"image\":{\"@id\":\"https:\/\/pharmacie-de-battignies.serverweb-prod.com\/#\/schema\/logo\/image\/\"}}]}<\/script>\n<!-- \/ Yoast SEO plugin. -->","yoast_head_json":{"title":"Informatie en documenten sur nos assurances | Braet &amp; Co.","description":"Nous vous proposons une s\u00e9rie de documents utiles : conditions g\u00e9n\u00e9rales, de l\u2019information financi\u00e8re ou relative \u00e0 des produits d\u2019assurance...","robots":{"index":"index","follow":"follow","max-snippet":"max-snippet:-1","max-image-preview":"max-image-preview:large","max-video-preview":"max-video-preview:-1"},"canonical":"https:\/\/pharmacie-de-battignies.serverweb-prod.com\/nl\/informatie-en-documenten\/","og_locale":"nl_NL","og_type":"article","og_title":"Informatie en documenten sur nos assurances | Braet &amp; Co.","og_description":"Nous vous proposons une s\u00e9rie de documents utiles : conditions g\u00e9n\u00e9rales, de l\u2019information financi\u00e8re ou relative \u00e0 des produits d\u2019assurance...","og_url":"https:\/\/pharmacie-de-battignies.serverweb-prod.com\/nl\/informatie-en-documenten\/","og_site_name":"Braet &amp; Co.","article_modified_time":"2019-09-04T11:03:40+00:00","og_image":[{"width":442,"height":218,"url":"https:\/\/pharmacie-de-battignies.serverweb-prod.com\/wp-content\/uploads\/2023\/11\/Logo-AB-BraetCo-BDEF.png","type":"image\/png"}],"twitter_card":"summary_large_image","twitter_misc":{"Geschatte leestijd":"1 minuut"},"schema":{"@context":"https:\/\/schema.org","@graph":[{"@type":"WebPage","@id":"https:\/\/pharmacie-de-battignies.serverweb-prod.com\/nl\/informatie-en-documenten\/","url":"https:\/\/pharmacie-de-battignies.serverweb-prod.com\/nl\/informatie-en-documenten\/","name":"Informatie en documenten sur nos assurances | Braet &amp; Co.","isPartOf":{"@id":"https:\/\/pharmacie-de-battignies.serverweb-prod.com\/#website"},"datePublished":"2019-09-03T10:48:51+00:00","dateModified":"2019-09-04T11:03:40+00:00","description":"Nous vous proposons une s\u00e9rie de documents utiles : conditions g\u00e9n\u00e9rales, de l\u2019information financi\u00e8re ou relative \u00e0 des produits d\u2019assurance...","breadcrumb":{"@id":"https:\/\/pharmacie-de-battignies.serverweb-prod.com\/nl\/informatie-en-documenten\/#breadcrumb"},"inLanguage":"nl-NL","potentialAction":[{"@type":"ReadAction","target":["https:\/\/pharmacie-de-battignies.serverweb-prod.com\/nl\/informatie-en-documenten\/"]}]},{"@type":"BreadcrumbList","@id":"https:\/\/pharmacie-de-battignies.serverweb-prod.com\/nl\/informatie-en-documenten\/#breadcrumb","itemListElement":[{"@type":"ListItem","position":1,"name":"Accueil","item":"https:\/\/pharmacie-de-battignies.serverweb-prod.com\/nl\/"},{"@type":"ListItem","position":2,"name":"Informatie en documenten"}]},{"@type":"WebSite","@id":"https:\/\/pharmacie-de-battignies.serverweb-prod.com\/#website","url":"https:\/\/pharmacie-de-battignies.serverweb-prod.com\/","name":"Braet & Co","description":"Braet &amp; Co.","publisher":{"@id":"https:\/\/pharmacie-de-battignies.serverweb-prod.com\/#organization"},"potentialAction":[{"@type":"SearchAction","target":{"@type":"EntryPoint","urlTemplate":"https:\/\/pharmacie-de-battignies.serverweb-prod.com\/?s={search_term_string}"},"query-input":{"@type":"PropertyValueSpecification","valueRequired":true,"valueName":"search_term_string"}}],"inLanguage":"nl-NL"},{"@type":"Organization","@id":"https:\/\/pharmacie-de-battignies.serverweb-prod.com\/#organization","name":"Bread & Co","url":"https:\/\/pharmacie-de-battignies.serverweb-prod.com\/","logo":{"@type":"ImageObject","inLanguage":"nl-NL","@id":"https:\/\/pharmacie-de-battignies.serverweb-prod.com\/#\/schema\/logo\/image\/","url":"https:\/\/pharmacie-de-battignies.serverweb-prod.com\/wp-content\/uploads\/2023\/11\/Logo-AB-BraetCo-BDEF.png","contentUrl":"https:\/\/pharmacie-de-battignies.serverweb-prod.com\/wp-content\/uploads\/2023\/11\/Logo-AB-BraetCo-BDEF.png","width":442,"height":218,"caption":"Bread & Co"},"image":{"@id":"https:\/\/pharmacie-de-battignies.serverweb-prod.com\/#\/schema\/logo\/image\/"}}]}},"_links":{"self":[{"href":"https:\/\/pharmacie-de-battignies.serverweb-prod.com\/nl\/wp-json\/wp\/v2\/pages\/9166","targetHints":{"allow":["GET"]}}],"collection":[{"href":"https:\/\/pharmacie-de-battignies.serverweb-prod.com\/nl\/wp-json\/wp\/v2\/pages"}],"about":[{"href":"https:\/\/pharmacie-de-battignies.serverweb-prod.com\/nl\/wp-json\/wp\/v2\/types\/page"}],"author":[{"embeddable":true,"href":"https:\/\/pharmacie-de-battignies.serverweb-prod.com\/nl\/wp-json\/wp\/v2\/users\/5"}],"replies":[{"embeddable":true,"href":"https:\/\/pharmacie-de-battignies.serverweb-prod.com\/nl\/wp-json\/wp\/v2\/comments?post=9166"}],"version-history":[{"count":5,"href":"https:\/\/pharmacie-de-battignies.serverweb-prod.com\/nl\/wp-json\/wp\/v2\/pages\/9166\/revisions"}],"predecessor-version":[{"id":9206,"href":"https:\/\/pharmacie-de-battignies.serverweb-prod.com\/nl\/wp-json\/wp\/v2\/pages\/9166\/revisions\/9206"}],"wp:attachment":[{"href":"https:\/\/pharmacie-de-battignies.serverweb-prod.com\/nl\/wp-json\/wp\/v2\/media?parent=9166"}],"curies":[{"name":"wp","href":"https:\/\/api.w.org\/{rel}","templated":true}]}}