{"id":9710,"date":"2021-07-07T09:16:57","date_gmt":"2021-07-07T09:16:57","guid":{"rendered":"https:\/\/www.braet-brabant.be\/contactez-nous-2\/"},"modified":"2023-11-23T15:32:39","modified_gmt":"2023-11-23T15:32:39","slug":"contactez-nous-2","status":"publish","type":"page","link":"https:\/\/pharmacie-de-battignies.serverweb-prod.com\/nl\/contactez-nous-2\/","title":{"rendered":"Neem contact op met ons verzekeringskantoor in Wemmel of Jodoigne"},"content":{"rendered":"<div class=\"wpb-content-wrapper\">[vc_row][vc_column]<div class=\"vcex-spacing wpex-w-100 wpex-clear\" style=\"height:25px;\"><\/div>[\/vc_column][\/vc_row][vc_row content_placement=&#8221;middle&#8221; gap=&#8221;15&#8243;][vc_column width=&#8221;1\/2&#8243;][vc_column_text css=&#8221;.vc_custom_1625651089494{padding-bottom: 15px !important;}&#8221;]Om onze verschillende verzekeringscontracten voor particulieren en professionals te ontdekken, of voor persoonlijk advies, neem contact met ons op.[\/vc_column_text][vc_tta_tabs color=&#8221;white&#8221; spacing=&#8221;20&#8243; active_section=&#8221;1&#8243; no_fill_content_area=&#8221;true&#8221;][vc_tta_section title=&#8221;Wemmel&#8221; tab_id=&#8221;1554115927885-729db08c-02ef&#8221;]<figure class=\"vcex-image vcex-module wpex-clr\"><div class=\"vcex-image-inner wpex-relative wpex-inline-block vc_custom_1561121019896\"><img decoding=\"async\" loading=\"lazy\" class=\"wpex-align-middle\" src=\"https:\/\/pharmacie-de-battignies.serverweb-prod.com\/wp-content\/uploads\/2019\/06\/wemmel-500x333.jpg\" alt=\"\" srcset=\"https:\/\/pharmacie-de-battignies.serverweb-prod.com\/wp-content\/uploads\/2019\/06\/wemmel-500x333.jpg 500w, https:\/\/pharmacie-de-battignies.serverweb-prod.com\/wp-content\/uploads\/2019\/06\/wemmel-300x200.jpg 300w, https:\/\/pharmacie-de-battignies.serverweb-prod.com\/wp-content\/uploads\/2019\/06\/wemmel-768x512.jpg 768w, https:\/\/pharmacie-de-battignies.serverweb-prod.com\/wp-content\/uploads\/2019\/06\/wemmel-1024x683.jpg 1024w\" width=\"500\" height=\"333\"><\/div><\/figure><div class=\"vcex-module vcex-icon-box vcex-icon-box-one wpex-relative wpex-flex wpex-text-left\"><div class=\"vcex-icon-box-symbol wpex-flex-shrink-0 wpex-mr-20\"><div class=\"vcex-icon-box-icon wpex-inline-flex wpex-items-center wpex-justify-center wpex-child-inherit-color wpex-text-center wpex-leading-none wpex-text-1\" style=\"font-size:18px;\"><span class=\"ticon ticon-location-arrow\" aria-hidden=\"true\"><\/span><\/div><\/div><div class=\"vcex-icon-box-text wpex-flex-grow\"><div class=\"vcex-icon-box-content wpex-last-mb-0 wpex-clr\"><p>Adresse : Rue Profonde, 22 &#8211; 1780 Wemmel<\/p>\n<div id=\"gtx-trans\" style=\"position: absolute;left: 67px;top: 32px\">\n<div class=\"gtx-trans-icon\"><\/div>\n<\/div>\n<\/div><\/div><\/div><div class=\"vcex-module vcex-icon-box vcex-icon-box-one wpex-relative wpex-flex wpex-text-left\"><div class=\"vcex-icon-box-symbol wpex-flex-shrink-0 wpex-mr-20\"><div class=\"vcex-icon-box-icon wpex-inline-flex wpex-items-center wpex-justify-center wpex-child-inherit-color wpex-text-center wpex-leading-none wpex-text-1\" style=\"font-size:18px;\"><span class=\"ticon ticon-phone\" aria-hidden=\"true\"><\/span><\/div><\/div><div class=\"vcex-icon-box-text wpex-flex-grow\"><div class=\"vcex-icon-box-content wpex-last-mb-0 wpex-clr\"><p>T\u00e9l\u00e9foonnummer: <a href=\"tel:02\/771.99.47\">02\/771.99.47<\/a><br \/>\n\n<\/div><\/div><\/div><div class=\"vcex-module vcex-icon-box vcex-icon-box-one wpex-relative wpex-flex wpex-text-left\"><div class=\"vcex-icon-box-symbol wpex-flex-shrink-0 wpex-mr-20\"><div class=\"vcex-icon-box-icon wpex-inline-flex wpex-items-center wpex-justify-center wpex-child-inherit-color wpex-text-center wpex-leading-none wpex-text-1\" style=\"font-size:18px;\"><span class=\"ticon ticon-clock-o\" aria-hidden=\"true\"><\/span><\/div><\/div><div class=\"vcex-icon-box-text wpex-flex-grow\"><div class=\"vcex-icon-box-content wpex-last-mb-0 wpex-clr\"><p> Enkel open op afspraak<\/p>\n<\/div><\/div><\/div>[\/vc_tta_section][vc_tta_section title=&#8221;Jodoigne&#8221; tab_id=&#8221;1554119492182-ec8623a6-65ca&#8221;]<figure class=\"vcex-image vcex-module wpex-clr\"><div class=\"vcex-image-inner wpex-relative wpex-inline-block vc_custom_1700065972098\"><img decoding=\"async\" loading=\"lazy\" class=\"wpex-align-middle\" src=\"https:\/\/pharmacie-de-battignies.serverweb-prod.com\/wp-content\/uploads\/2023\/11\/Photo-bureau-Jodoigne-1-scaled-500x375.jpg\" alt=\"\" srcset=\"https:\/\/pharmacie-de-battignies.serverweb-prod.com\/wp-content\/uploads\/2023\/11\/Photo-bureau-Jodoigne-1-scaled-500x375.jpg 500w, https:\/\/pharmacie-de-battignies.serverweb-prod.com\/wp-content\/uploads\/2023\/11\/Photo-bureau-Jodoigne-1-300x225.jpg 300w, https:\/\/pharmacie-de-battignies.serverweb-prod.com\/wp-content\/uploads\/2023\/11\/Photo-bureau-Jodoigne-1-1024x768.jpg 1024w, https:\/\/pharmacie-de-battignies.serverweb-prod.com\/wp-content\/uploads\/2023\/11\/Photo-bureau-Jodoigne-1-768x576.jpg 768w, https:\/\/pharmacie-de-battignies.serverweb-prod.com\/wp-content\/uploads\/2023\/11\/Photo-bureau-Jodoigne-1-1536x1152.jpg 1536w, https:\/\/pharmacie-de-battignies.serverweb-prod.com\/wp-content\/uploads\/2023\/11\/Photo-bureau-Jodoigne-1-2048x1536.jpg 2048w\" width=\"500\" height=\"375\"><\/div><\/figure><div class=\"vcex-module vcex-icon-box vcex-icon-box-one wpex-relative wpex-flex wpex-text-left\"><div class=\"vcex-icon-box-symbol wpex-flex-shrink-0 wpex-mr-20\"><div class=\"vcex-icon-box-icon wpex-inline-flex wpex-items-center wpex-justify-center wpex-child-inherit-color wpex-text-center wpex-leading-none wpex-text-1\" style=\"font-size:18px;\"><span class=\"ticon ticon-location-arrow\" aria-hidden=\"true\"><\/span><\/div><\/div><div class=\"vcex-icon-box-text wpex-flex-grow\"><div class=\"vcex-icon-box-content wpex-last-mb-0 wpex-clr\"><p>Adres: Avenue des Commandants Borl\u00e9e, 2 &#8211; 1370 Jodoigne<\/p>\n<\/div><\/div><\/div><div class=\"vcex-module vcex-icon-box vcex-icon-box-one wpex-relative wpex-flex wpex-text-left\"><div class=\"vcex-icon-box-symbol wpex-flex-shrink-0 wpex-mr-20\"><div class=\"vcex-icon-box-icon wpex-inline-flex wpex-items-center wpex-justify-center wpex-child-inherit-color wpex-text-center wpex-leading-none wpex-text-1\" style=\"font-size:18px;\"><span class=\"ticon ticon-phone\" aria-hidden=\"true\"><\/span><\/div><\/div><div class=\"vcex-icon-box-text wpex-flex-grow\"><div class=\"vcex-icon-box-content wpex-last-mb-0 wpex-clr\"><p>T\u00e9l\u00e9foonnummer: <a href=\"tel:010\/81.10.99\">010\/81.10.99<\/a><br \/>\n\n<\/div><\/div><\/div><div class=\"vcex-module vcex-icon-box vcex-icon-box-one wpex-relative wpex-flex wpex-text-left\"><div class=\"vcex-icon-box-symbol wpex-flex-shrink-0 wpex-mr-20\"><div class=\"vcex-icon-box-icon wpex-inline-flex wpex-items-center wpex-justify-center wpex-child-inherit-color wpex-text-center wpex-leading-none wpex-text-1\" style=\"font-size:18px;\"><span class=\"ticon ticon-clock-o\" aria-hidden=\"true\"><\/span><\/div><\/div><div class=\"vcex-icon-box-text wpex-flex-grow\"><div class=\"vcex-icon-box-content wpex-last-mb-0 wpex-clr\"><p>Geopend van maandag tot vrijdag van 9u tot 12u en van 13u tot 17u. Open buiten de openingsuren op afspraak<\/p>\n<\/div><\/div><\/div>[\/vc_tta_section][\/vc_tta_tabs][\/vc_column][vc_column width=&#8221;1\/2&#8243;][vc_column_text][\/vc_column_text][\/vc_column][\/vc_row][vc_row full_width=&#8221;stretch_row_content_no_spaces&#8221; remove_bottom_col_margin=&#8221;true&#8221;][vc_column][vc_raw_html css=&#8221;.vc_custom_1699875547174{margin-bottom: -1% !important;}&#8221;]JTNDaWZyYW1lJTIwc3JjJTNEJTIyaHR0cHMlM0ElMkYlMkZ3d3cuZ29vZ2xlLmNvbSUyRm1hcHMlMkZkJTJGZW1iZWQlM0ZtaWQlM0QxUDA0cTJ3QVhNei1ySDhFb3hMV1hIZEczbGtuTDBRSSUyNmVoYmMlM0QyRTMxMkYlMjZub3Byb2YlM0QxJTIyJTIwd2lkdGglM0QlMjIxMDAlMjUlMjIlMjBoZWlnaHQlM0QlMjI0ODAlMjIlM0UlM0MlMkZpZnJhbWUlM0U=[\/vc_raw_html][\/vc_column][\/vc_row]\n<\/div>","protected":false},"excerpt":{"rendered":"<p>[vc_row][vc_column][\/vc_column][\/vc_row][vc_row content_placement=&#8221;middle&#8221; gap=&#8221;15&#8243;][vc_column width=&#8221;1\/2&#8243;][vc_column_text css=&#8221;.vc_custom_1625651089494{padding-bottom: 15px !important;}&#8221;]Om onze verschillende verzekeringscontracten voor particulieren en professionals te ontdekken, of voor persoonlijk advies, neem contact met ons op.[\/vc_column_text][vc_tta_tabs color=&#8221;white&#8221; spacing=&#8221;20&#8243; active_section=&#8221;1&#8243; no_fill_content_area=&#8221;true&#8221;][vc_tta_section title=&#8221;Wemmel&#8221; tab_id=&#8221;1554115927885-729db08c-02ef&#8221;][\/vc_tta_section][vc_tta_section title=&#8221;Jodoigne&#8221; tab_id=&#8221;1554119492182-ec8623a6-65ca&#8221;][\/vc_tta_section][\/vc_tta_tabs][\/vc_column][vc_column width=&#8221;1\/2&#8243;][vc_column_text][\/vc_column_text][\/vc_column][\/vc_row][vc_row full_width=&#8221;stretch_row_content_no_spaces&#8221; remove_bottom_col_margin=&#8221;true&#8221;][vc_column][vc_raw_html css=&#8221;.vc_custom_1699875547174{margin-bottom: -1% !important;}&#8221;]JTNDaWZyYW1lJTIwc3JjJTNEJTIyaHR0cHMlM0ElMkYlMkZ3d3cuZ29vZ2xlLmNvbSUyRm1hcHMlMkZkJTJGZW1iZWQlM0ZtaWQlM0QxUDA0cTJ3QVhNei1ySDhFb3hMV1hIZEczbGtuTDBRSSUyNmVoYmMlM0QyRTMxMkYlMjZub3Byb2YlM0QxJTIyJTIwd2lkdGglM0QlMjIxMDAlMjUlMjIlMjBoZWlnaHQlM0QlMjI0ODAlMjIlM0UlM0MlMkZpZnJhbWUlM0U=[\/vc_raw_html][\/vc_column][\/vc_row]<\/p>\n","protected":false},"author":2,"featured_media":0,"parent":0,"menu_order":0,"comment_status":"closed","ping_status":"closed","template":"","meta":{"_monsterinsights_skip_tracking":false,"_monsterinsights_sitenote_active":false,"_monsterinsights_sitenote_note":"","_monsterinsights_sitenote_category":0,"footnotes":""},"class_list":["post-9710","page","type-page","status-publish","hentry","entry","no-media"],"yoast_head":"<!-- This site is optimized with the Yoast SEO plugin v26.5 - https:\/\/yoast.com\/wordpress\/plugins\/seo\/ -->\n<title>Neem contact op met ons verzekeringskantoor in Wemmel of Jodoigne<\/title>\n<meta name=\"description\" content=\"Vous souhaitez d\u00e9couvrir nos diff\u00e9rents contrats d&#039;assurance ? Prenez rendez-vous dans l&#039;un de nos bureaux Braet &amp; Co. \u00e0 Jodoigne ou Wemmel.\" \/>\n<meta name=\"robots\" content=\"index, follow, max-snippet:-1, max-image-preview:large, max-video-preview:-1\" \/>\n<link rel=\"canonical\" href=\"https:\/\/pharmacie-de-battignies.serverweb-prod.com\/nl\/contactez-nous-2\/\" \/>\n<meta property=\"og:locale\" content=\"nl_NL\" \/>\n<meta property=\"og:type\" content=\"article\" \/>\n<meta property=\"og:title\" content=\"Neem contact op met ons verzekeringskantoor in Wemmel of Jodoigne\" \/>\n<meta property=\"og:description\" content=\"Vous souhaitez d\u00e9couvrir nos diff\u00e9rents contrats d&#039;assurance ? Prenez rendez-vous dans l&#039;un de nos bureaux Braet &amp; Co. \u00e0 Jodoigne ou Wemmel.\" \/>\n<meta property=\"og:url\" content=\"https:\/\/pharmacie-de-battignies.serverweb-prod.com\/nl\/contactez-nous-2\/\" \/>\n<meta property=\"og:site_name\" content=\"Braet &amp; Co.\" \/>\n<meta property=\"article:modified_time\" content=\"2023-11-23T15:32:39+00:00\" \/>\n<meta property=\"og:image\" content=\"https:\/\/pharmacie-de-battignies.serverweb-prod.com\/wp-content\/uploads\/2023\/11\/Logo-AB-BraetCo-BDEF.png\" \/>\n\t<meta property=\"og:image:width\" content=\"442\" \/>\n\t<meta property=\"og:image:height\" content=\"218\" \/>\n\t<meta property=\"og:image:type\" content=\"image\/png\" \/>\n<meta name=\"twitter:card\" content=\"summary_large_image\" \/>\n<meta name=\"twitter:label1\" content=\"Geschatte leestijd\" \/>\n\t<meta name=\"twitter:data1\" content=\"1 minuut\" \/>\n<script type=\"application\/ld+json\" class=\"yoast-schema-graph\">{\"@context\":\"https:\/\/schema.org\",\"@graph\":[{\"@type\":\"WebPage\",\"@id\":\"https:\/\/pharmacie-de-battignies.serverweb-prod.com\/nl\/contactez-nous-2\/\",\"url\":\"https:\/\/pharmacie-de-battignies.serverweb-prod.com\/nl\/contactez-nous-2\/\",\"name\":\"Neem contact op met ons verzekeringskantoor in Wemmel of Jodoigne\",\"isPartOf\":{\"@id\":\"https:\/\/pharmacie-de-battignies.serverweb-prod.com\/#website\"},\"datePublished\":\"2021-07-07T09:16:57+00:00\",\"dateModified\":\"2023-11-23T15:32:39+00:00\",\"description\":\"Vous souhaitez d\u00e9couvrir nos diff\u00e9rents contrats d'assurance ? Prenez rendez-vous dans l'un de nos bureaux Braet &amp; Co. \u00e0 Jodoigne ou Wemmel.\",\"breadcrumb\":{\"@id\":\"https:\/\/pharmacie-de-battignies.serverweb-prod.com\/nl\/contactez-nous-2\/#breadcrumb\"},\"inLanguage\":\"nl-NL\",\"potentialAction\":[{\"@type\":\"ReadAction\",\"target\":[\"https:\/\/pharmacie-de-battignies.serverweb-prod.com\/nl\/contactez-nous-2\/\"]}]},{\"@type\":\"BreadcrumbList\",\"@id\":\"https:\/\/pharmacie-de-battignies.serverweb-prod.com\/nl\/contactez-nous-2\/#breadcrumb\",\"itemListElement\":[{\"@type\":\"ListItem\",\"position\":1,\"name\":\"Accueil\",\"item\":\"https:\/\/pharmacie-de-battignies.serverweb-prod.com\/nl\/\"},{\"@type\":\"ListItem\",\"position\":2,\"name\":\"Neem contact op met ons verzekeringskantoor in Wemmel of Jodoigne\"}]},{\"@type\":\"WebSite\",\"@id\":\"https:\/\/pharmacie-de-battignies.serverweb-prod.com\/#website\",\"url\":\"https:\/\/pharmacie-de-battignies.serverweb-prod.com\/\",\"name\":\"Braet & Co\",\"description\":\"Braet &amp; Co.\",\"publisher\":{\"@id\":\"https:\/\/pharmacie-de-battignies.serverweb-prod.com\/#organization\"},\"potentialAction\":[{\"@type\":\"SearchAction\",\"target\":{\"@type\":\"EntryPoint\",\"urlTemplate\":\"https:\/\/pharmacie-de-battignies.serverweb-prod.com\/?s={search_term_string}\"},\"query-input\":{\"@type\":\"PropertyValueSpecification\",\"valueRequired\":true,\"valueName\":\"search_term_string\"}}],\"inLanguage\":\"nl-NL\"},{\"@type\":\"Organization\",\"@id\":\"https:\/\/pharmacie-de-battignies.serverweb-prod.com\/#organization\",\"name\":\"Bread & Co\",\"url\":\"https:\/\/pharmacie-de-battignies.serverweb-prod.com\/\",\"logo\":{\"@type\":\"ImageObject\",\"inLanguage\":\"nl-NL\",\"@id\":\"https:\/\/pharmacie-de-battignies.serverweb-prod.com\/#\/schema\/logo\/image\/\",\"url\":\"https:\/\/pharmacie-de-battignies.serverweb-prod.com\/wp-content\/uploads\/2023\/11\/Logo-AB-BraetCo-BDEF.png\",\"contentUrl\":\"https:\/\/pharmacie-de-battignies.serverweb-prod.com\/wp-content\/uploads\/2023\/11\/Logo-AB-BraetCo-BDEF.png\",\"width\":442,\"height\":218,\"caption\":\"Bread & Co\"},\"image\":{\"@id\":\"https:\/\/pharmacie-de-battignies.serverweb-prod.com\/#\/schema\/logo\/image\/\"}}]}<\/script>\n<!-- \/ Yoast SEO plugin. -->","yoast_head_json":{"title":"Neem contact op met ons verzekeringskantoor in Wemmel of Jodoigne","description":"Vous souhaitez d\u00e9couvrir nos diff\u00e9rents contrats d'assurance ? Prenez rendez-vous dans l'un de nos bureaux Braet &amp; Co. \u00e0 Jodoigne ou Wemmel.","robots":{"index":"index","follow":"follow","max-snippet":"max-snippet:-1","max-image-preview":"max-image-preview:large","max-video-preview":"max-video-preview:-1"},"canonical":"https:\/\/pharmacie-de-battignies.serverweb-prod.com\/nl\/contactez-nous-2\/","og_locale":"nl_NL","og_type":"article","og_title":"Neem contact op met ons verzekeringskantoor in Wemmel of Jodoigne","og_description":"Vous souhaitez d\u00e9couvrir nos diff\u00e9rents contrats d'assurance ? Prenez rendez-vous dans l'un de nos bureaux Braet &amp; Co. \u00e0 Jodoigne ou Wemmel.","og_url":"https:\/\/pharmacie-de-battignies.serverweb-prod.com\/nl\/contactez-nous-2\/","og_site_name":"Braet &amp; Co.","article_modified_time":"2023-11-23T15:32:39+00:00","og_image":[{"width":442,"height":218,"url":"https:\/\/pharmacie-de-battignies.serverweb-prod.com\/wp-content\/uploads\/2023\/11\/Logo-AB-BraetCo-BDEF.png","type":"image\/png"}],"twitter_card":"summary_large_image","twitter_misc":{"Geschatte leestijd":"1 minuut"},"schema":{"@context":"https:\/\/schema.org","@graph":[{"@type":"WebPage","@id":"https:\/\/pharmacie-de-battignies.serverweb-prod.com\/nl\/contactez-nous-2\/","url":"https:\/\/pharmacie-de-battignies.serverweb-prod.com\/nl\/contactez-nous-2\/","name":"Neem contact op met ons verzekeringskantoor in Wemmel of Jodoigne","isPartOf":{"@id":"https:\/\/pharmacie-de-battignies.serverweb-prod.com\/#website"},"datePublished":"2021-07-07T09:16:57+00:00","dateModified":"2023-11-23T15:32:39+00:00","description":"Vous souhaitez d\u00e9couvrir nos diff\u00e9rents contrats d'assurance ? Prenez rendez-vous dans l'un de nos bureaux Braet &amp; Co. \u00e0 Jodoigne ou Wemmel.","breadcrumb":{"@id":"https:\/\/pharmacie-de-battignies.serverweb-prod.com\/nl\/contactez-nous-2\/#breadcrumb"},"inLanguage":"nl-NL","potentialAction":[{"@type":"ReadAction","target":["https:\/\/pharmacie-de-battignies.serverweb-prod.com\/nl\/contactez-nous-2\/"]}]},{"@type":"BreadcrumbList","@id":"https:\/\/pharmacie-de-battignies.serverweb-prod.com\/nl\/contactez-nous-2\/#breadcrumb","itemListElement":[{"@type":"ListItem","position":1,"name":"Accueil","item":"https:\/\/pharmacie-de-battignies.serverweb-prod.com\/nl\/"},{"@type":"ListItem","position":2,"name":"Neem contact op met ons verzekeringskantoor in Wemmel of Jodoigne"}]},{"@type":"WebSite","@id":"https:\/\/pharmacie-de-battignies.serverweb-prod.com\/#website","url":"https:\/\/pharmacie-de-battignies.serverweb-prod.com\/","name":"Braet & Co","description":"Braet &amp; Co.","publisher":{"@id":"https:\/\/pharmacie-de-battignies.serverweb-prod.com\/#organization"},"potentialAction":[{"@type":"SearchAction","target":{"@type":"EntryPoint","urlTemplate":"https:\/\/pharmacie-de-battignies.serverweb-prod.com\/?s={search_term_string}"},"query-input":{"@type":"PropertyValueSpecification","valueRequired":true,"valueName":"search_term_string"}}],"inLanguage":"nl-NL"},{"@type":"Organization","@id":"https:\/\/pharmacie-de-battignies.serverweb-prod.com\/#organization","name":"Bread & Co","url":"https:\/\/pharmacie-de-battignies.serverweb-prod.com\/","logo":{"@type":"ImageObject","inLanguage":"nl-NL","@id":"https:\/\/pharmacie-de-battignies.serverweb-prod.com\/#\/schema\/logo\/image\/","url":"https:\/\/pharmacie-de-battignies.serverweb-prod.com\/wp-content\/uploads\/2023\/11\/Logo-AB-BraetCo-BDEF.png","contentUrl":"https:\/\/pharmacie-de-battignies.serverweb-prod.com\/wp-content\/uploads\/2023\/11\/Logo-AB-BraetCo-BDEF.png","width":442,"height":218,"caption":"Bread & Co"},"image":{"@id":"https:\/\/pharmacie-de-battignies.serverweb-prod.com\/#\/schema\/logo\/image\/"}}]}},"_links":{"self":[{"href":"https:\/\/pharmacie-de-battignies.serverweb-prod.com\/nl\/wp-json\/wp\/v2\/pages\/9710","targetHints":{"allow":["GET"]}}],"collection":[{"href":"https:\/\/pharmacie-de-battignies.serverweb-prod.com\/nl\/wp-json\/wp\/v2\/pages"}],"about":[{"href":"https:\/\/pharmacie-de-battignies.serverweb-prod.com\/nl\/wp-json\/wp\/v2\/types\/page"}],"author":[{"embeddable":true,"href":"https:\/\/pharmacie-de-battignies.serverweb-prod.com\/nl\/wp-json\/wp\/v2\/users\/2"}],"replies":[{"embeddable":true,"href":"https:\/\/pharmacie-de-battignies.serverweb-prod.com\/nl\/wp-json\/wp\/v2\/comments?post=9710"}],"version-history":[{"count":2,"href":"https:\/\/pharmacie-de-battignies.serverweb-prod.com\/nl\/wp-json\/wp\/v2\/pages\/9710\/revisions"}],"predecessor-version":[{"id":9794,"href":"https:\/\/pharmacie-de-battignies.serverweb-prod.com\/nl\/wp-json\/wp\/v2\/pages\/9710\/revisions\/9794"}],"wp:attachment":[{"href":"https:\/\/pharmacie-de-battignies.serverweb-prod.com\/nl\/wp-json\/wp\/v2\/media?parent=9710"}],"curies":[{"name":"wp","href":"https:\/\/api.w.org\/{rel}","templated":true}]}}