{"id":9711,"date":"2021-07-05T16:36:01","date_gmt":"2021-07-05T16:36:01","guid":{"rendered":"https:\/\/www.braet-brabant.be\/notre-equipe-1\/"},"modified":"2025-01-02T16:23:48","modified_gmt":"2025-01-02T16:23:48","slug":"notre-equipe-1","status":"publish","type":"page","link":"https:\/\/pharmacie-de-battignies.serverweb-prod.com\/nl\/notre-equipe-1\/","title":{"rendered":"Ons team"},"content":{"rendered":"<div class=\"wpb-content-wrapper\">[vc_row content_placement=&#8221;middle&#8221; equal_height=&#8221;yes&#8221; css=&#8221;.vc_custom_1625481655162{margin-top: 60px !important;margin-bottom: 100px !important;background-position: center !important;background-repeat: no-repeat !important;background-size: cover !important;}&#8221;][vc_column width=&#8221;1\/2&#8243; css=&#8221;.vc_custom_1625764732647{margin-bottom: 0px !important;padding-top: 60px !important;padding-right: 5% !important;padding-bottom: 60px !important;}&#8221;]<h2 class=\"vcex-heading vcex-module wpex-text-2xl wpex-font-normal wpex-m-auto wpex-max-w-100 vcex-heading-plain wpex-block vc_custom_1700750944342\"><span class=\"vcex-heading-inner wpex-inline-block wpex-clr\">Braet &amp; Co in Jodoigne en Wemmel<br \/>\nOns team<\/span><\/h2>[vc_column_text css=&#8221;.vc_custom_1700750995043{margin-bottom: 0px !important;}&#8221;]Ons team verwelkomt u voor al uw zakelijke of particuliere verzekeringscontracten in een van onze twee kantoren in Jodoigne of Wemmel. Als professionele verzekeringsmakelaars hebben we uitgebreide ervaring op dit gebied. We delen graag onze kennis, vaardigheden en expertise om u te helpen uzelf te beschermen en tegelijkertijd kosten te besparen. Vertrouw op onze expertise voor al uw verzekeringen!<\/p>\n<p>Ontdek de verschillende verzekeringsmakelaars die beschikbaar zijn in onze kantoren &#8211; Assurances Braet &amp; Co. U kunt contact met ons opnemen via ons online formulier of telefonisch, afhankelijk van uw voorkeur. Wij luisteren naar u![\/vc_column_text][\/vc_column][vc_column width=&#8221;1\/2&#8243; css=&#8221;.vc_custom_1735835013770{background-position: center !important;background-repeat: no-repeat !important;background-size: cover !important;}&#8221; el_class=&#8221;dsgn&#8221;][vc_single_image image=&#8221;10121&#8243; alignment=&#8221;center&#8221; css=&#8221;&#8221;][\/vc_column][\/vc_row][vc_section full_width=&#8221;stretch_row&#8221; css=&#8221;.vc_custom_1625764804362{padding-top: 50px !important;background-color: #f6f7f8 !important;}&#8221;][vc_row full_width=&#8221;stretch_row&#8221; gap=&#8221;20&#8243; equal_height=&#8221;yes&#8221; el_class=&#8221;home4-icon equip1&#8243;][vc_column width=&#8221;1\/2&#8243;]<figure class=\"vcex-image vcex-module wpex-clr\"><div class=\"vcex-image-inner wpex-relative wpex-inline-block\"><img decoding=\"async\" width=\"1920\" height=\"2560\" src=\"https:\/\/pharmacie-de-battignies.serverweb-prod.com\/wp-content\/uploads\/2023\/11\/MICHEL-BRAET-scaled.jpg\" class=\"wpex-align-middle\" alt=\"\" loading=\"lazy\" srcset=\"https:\/\/pharmacie-de-battignies.serverweb-prod.com\/wp-content\/uploads\/2023\/11\/MICHEL-BRAET-scaled.jpg 1920w, https:\/\/pharmacie-de-battignies.serverweb-prod.com\/wp-content\/uploads\/2023\/11\/MICHEL-BRAET-225x300.jpg 225w, https:\/\/pharmacie-de-battignies.serverweb-prod.com\/wp-content\/uploads\/2023\/11\/MICHEL-BRAET-768x1024.jpg 768w, https:\/\/pharmacie-de-battignies.serverweb-prod.com\/wp-content\/uploads\/2023\/11\/MICHEL-BRAET-1152x1536.jpg 1152w, https:\/\/pharmacie-de-battignies.serverweb-prod.com\/wp-content\/uploads\/2023\/11\/MICHEL-BRAET-1536x2048.jpg 1536w\" sizes=\"auto, (max-width: 1920px) 100vw, 1920px\" \/><\/div><\/figure><div class=\"vcex-spacing wpex-w-100 wpex-clear\" style=\"height:20px;\"><\/div><div class=\"vcex-heading vcex-module wpex-text-2xl wpex-font-normal wpex-m-auto wpex-max-w-100 vcex-heading-plain wpex-block\"><span class=\"vcex-heading-inner wpex-inline-block wpex-clr\">Braet Michel <span class=\"wpex-badge\">Oprichter &amp; Beheerder<\/span><\/span><\/div><div class=\"vcex-spacing wpex-w-100 wpex-clear\" style=\"height:20px;\"><\/div>[\/vc_column][vc_column width=&#8221;1\/2&#8243;]<figure class=\"vcex-image vcex-module wpex-clr\"><div class=\"vcex-image-inner wpex-relative wpex-inline-block\"><img decoding=\"async\" width=\"1920\" height=\"2560\" src=\"https:\/\/pharmacie-de-battignies.serverweb-prod.com\/wp-content\/uploads\/2023\/11\/CHARLINE-BRAET-scaled.jpg\" class=\"wpex-align-middle\" alt=\"\" loading=\"lazy\" srcset=\"https:\/\/pharmacie-de-battignies.serverweb-prod.com\/wp-content\/uploads\/2023\/11\/CHARLINE-BRAET-scaled.jpg 1920w, https:\/\/pharmacie-de-battignies.serverweb-prod.com\/wp-content\/uploads\/2023\/11\/CHARLINE-BRAET-225x300.jpg 225w, https:\/\/pharmacie-de-battignies.serverweb-prod.com\/wp-content\/uploads\/2023\/11\/CHARLINE-BRAET-768x1024.jpg 768w, https:\/\/pharmacie-de-battignies.serverweb-prod.com\/wp-content\/uploads\/2023\/11\/CHARLINE-BRAET-1152x1536.jpg 1152w, https:\/\/pharmacie-de-battignies.serverweb-prod.com\/wp-content\/uploads\/2023\/11\/CHARLINE-BRAET-1536x2048.jpg 1536w\" sizes=\"auto, (max-width: 1920px) 100vw, 1920px\" \/><\/div><\/figure><div class=\"vcex-spacing wpex-w-100 wpex-clear\" style=\"height:20px;\"><\/div><div class=\"vcex-heading vcex-module wpex-text-2xl wpex-font-normal wpex-m-auto wpex-max-w-100 vcex-heading-plain wpex-block\"><span class=\"vcex-heading-inner wpex-inline-block wpex-clr\">Braet Charline <span class=\"wpex-badge\">Actieve partner - Commercieel verantwoordelijke<\/span><\/span><\/div><div class=\"vcex-spacing wpex-w-100 wpex-clear\" style=\"height:20px;\"><\/div>[\/vc_column][\/vc_row][vc_row full_width=&#8221;stretch_row&#8221; gap=&#8221;20&#8243; equal_height=&#8221;yes&#8221; el_class=&#8221;home4-icon equip1&#8243;][vc_column width=&#8221;1\/2&#8243;]<figure class=\"vcex-image vcex-module wpex-clr\"><div class=\"vcex-image-inner wpex-relative wpex-inline-block\"><img decoding=\"async\" width=\"1920\" height=\"2560\" src=\"https:\/\/pharmacie-de-battignies.serverweb-prod.com\/wp-content\/uploads\/2023\/11\/MORGANE-BRAET-1-scaled.jpg\" class=\"wpex-align-middle\" alt=\"\" loading=\"lazy\" srcset=\"https:\/\/pharmacie-de-battignies.serverweb-prod.com\/wp-content\/uploads\/2023\/11\/MORGANE-BRAET-1-scaled.jpg 1920w, https:\/\/pharmacie-de-battignies.serverweb-prod.com\/wp-content\/uploads\/2023\/11\/MORGANE-BRAET-1-225x300.jpg 225w, https:\/\/pharmacie-de-battignies.serverweb-prod.com\/wp-content\/uploads\/2023\/11\/MORGANE-BRAET-1-768x1024.jpg 768w, https:\/\/pharmacie-de-battignies.serverweb-prod.com\/wp-content\/uploads\/2023\/11\/MORGANE-BRAET-1-1152x1536.jpg 1152w, https:\/\/pharmacie-de-battignies.serverweb-prod.com\/wp-content\/uploads\/2023\/11\/MORGANE-BRAET-1-1536x2048.jpg 1536w\" sizes=\"auto, (max-width: 1920px) 100vw, 1920px\" \/><\/div><\/figure><div class=\"vcex-spacing wpex-w-100 wpex-clear\" style=\"height:20px;\"><\/div><div class=\"vcex-heading vcex-module wpex-text-2xl wpex-font-normal wpex-m-auto wpex-max-w-100 vcex-heading-plain wpex-block\"><span class=\"vcex-heading-inner wpex-inline-block wpex-clr\">Braet Morgane <span class=\"wpex-badge\">Actieve partner - Administratief verantwoordelijke<\/span><\/span><\/div><div class=\"vcex-spacing wpex-w-100 wpex-clear\" style=\"height:20px;\"><\/div>[\/vc_column][vc_column width=&#8221;1\/2&#8243;]<figure class=\"vcex-image vcex-module wpex-clr\"><div class=\"vcex-image-inner wpex-relative wpex-inline-block\"><img decoding=\"async\" width=\"1920\" height=\"2560\" src=\"https:\/\/pharmacie-de-battignies.serverweb-prod.com\/wp-content\/uploads\/2023\/11\/ARIANE-HORION-scaled.jpg\" class=\"wpex-align-middle\" alt=\"\" loading=\"lazy\" srcset=\"https:\/\/pharmacie-de-battignies.serverweb-prod.com\/wp-content\/uploads\/2023\/11\/ARIANE-HORION-scaled.jpg 1920w, https:\/\/pharmacie-de-battignies.serverweb-prod.com\/wp-content\/uploads\/2023\/11\/ARIANE-HORION-225x300.jpg 225w, https:\/\/pharmacie-de-battignies.serverweb-prod.com\/wp-content\/uploads\/2023\/11\/ARIANE-HORION-768x1024.jpg 768w, https:\/\/pharmacie-de-battignies.serverweb-prod.com\/wp-content\/uploads\/2023\/11\/ARIANE-HORION-1152x1536.jpg 1152w, https:\/\/pharmacie-de-battignies.serverweb-prod.com\/wp-content\/uploads\/2023\/11\/ARIANE-HORION-1536x2048.jpg 1536w\" sizes=\"auto, (max-width: 1920px) 100vw, 1920px\" \/><\/div><\/figure><div class=\"vcex-spacing wpex-w-100 wpex-clear\" style=\"height:20px;\"><\/div><div class=\"vcex-heading vcex-module wpex-text-2xl wpex-font-normal wpex-m-auto wpex-max-w-100 vcex-heading-plain wpex-block\"><span class=\"vcex-heading-inner wpex-inline-block wpex-clr\">Horion Ariane <span class=\"wpex-badge\">Actieve partner - Boekhoudkundig beheerder<\/span><\/span><\/div><div class=\"vcex-spacing wpex-w-100 wpex-clear\" style=\"height:20px;\"><\/div>[\/vc_column][\/vc_row][vc_row full_width=&#8221;stretch_row&#8221; gap=&#8221;20&#8243; equal_height=&#8221;yes&#8221; el_class=&#8221;home4-icon equip1&#8243;][vc_column width=&#8221;1\/2&#8243;]<figure class=\"vcex-image vcex-module wpex-clr\"><div class=\"vcex-image-inner wpex-relative wpex-inline-block\"><img decoding=\"async\" width=\"1536\" height=\"2048\" src=\"https:\/\/pharmacie-de-battignies.serverweb-prod.com\/wp-content\/uploads\/2023\/11\/user-1.jpg\" class=\"wpex-align-middle\" alt=\"\" loading=\"lazy\" srcset=\"https:\/\/pharmacie-de-battignies.serverweb-prod.com\/wp-content\/uploads\/2023\/11\/user-1.jpg 1536w, https:\/\/pharmacie-de-battignies.serverweb-prod.com\/wp-content\/uploads\/2023\/11\/user-1-225x300.jpg 225w, https:\/\/pharmacie-de-battignies.serverweb-prod.com\/wp-content\/uploads\/2023\/11\/user-1-768x1024.jpg 768w, https:\/\/pharmacie-de-battignies.serverweb-prod.com\/wp-content\/uploads\/2023\/11\/user-1-1152x1536.jpg 1152w\" sizes=\"auto, (max-width: 1536px) 100vw, 1536px\" \/><\/div><\/figure><div class=\"vcex-spacing wpex-w-100 wpex-clear\" style=\"height:20px;\"><\/div><div class=\"vcex-heading vcex-module wpex-text-2xl wpex-font-normal wpex-m-auto wpex-max-w-100 vcex-heading-plain wpex-block\"><span class=\"vcex-heading-inner wpex-inline-block wpex-clr\">Doyen Genevi\u00e8ve <span class=\"wpex-badge\">Beheerder verzekeringen<\/span><\/span><\/div><div class=\"vcex-spacing wpex-w-100 wpex-clear\" style=\"height:20px;\"><\/div>[\/vc_column][vc_column width=&#8221;1\/2&#8243;]<figure class=\"vcex-image vcex-module wpex-clr\"><div class=\"vcex-image-inner wpex-relative wpex-inline-block\"><img decoding=\"async\" width=\"1536\" height=\"2048\" src=\"https:\/\/pharmacie-de-battignies.serverweb-prod.com\/wp-content\/uploads\/2023\/11\/user-1.jpg\" class=\"wpex-align-middle\" alt=\"\" loading=\"lazy\" srcset=\"https:\/\/pharmacie-de-battignies.serverweb-prod.com\/wp-content\/uploads\/2023\/11\/user-1.jpg 1536w, https:\/\/pharmacie-de-battignies.serverweb-prod.com\/wp-content\/uploads\/2023\/11\/user-1-225x300.jpg 225w, https:\/\/pharmacie-de-battignies.serverweb-prod.com\/wp-content\/uploads\/2023\/11\/user-1-768x1024.jpg 768w, https:\/\/pharmacie-de-battignies.serverweb-prod.com\/wp-content\/uploads\/2023\/11\/user-1-1152x1536.jpg 1152w\" sizes=\"auto, (max-width: 1536px) 100vw, 1536px\" \/><\/div><\/figure><div class=\"vcex-spacing wpex-w-100 wpex-clear\" style=\"height:20px;\"><\/div><div class=\"vcex-heading vcex-module wpex-text-2xl wpex-font-normal wpex-m-auto wpex-max-w-100 vcex-heading-plain wpex-block\"><span class=\"vcex-heading-inner wpex-inline-block wpex-clr\">Romeo Linda <span class=\"wpex-badge\">Beheerder verzekeringen<\/span><\/span><\/div><div class=\"vcex-spacing wpex-w-100 wpex-clear\" style=\"height:20px;\"><\/div>[\/vc_column][\/vc_row][vc_row full_width=&#8221;stretch_row&#8221; gap=&#8221;20&#8243; equal_height=&#8221;yes&#8221; el_class=&#8221;home4-icon equip1&#8243;][vc_column width=&#8221;1\/2&#8243;]<figure class=\"vcex-image vcex-module wpex-clr\"><div class=\"vcex-image-inner wpex-relative wpex-inline-block\"><img decoding=\"async\" width=\"768\" height=\"1024\" src=\"https:\/\/pharmacie-de-battignies.serverweb-prod.com\/wp-content\/uploads\/2025\/01\/Illustration-homme-1.jpg\" class=\"wpex-align-middle\" alt=\"\" loading=\"lazy\" srcset=\"https:\/\/pharmacie-de-battignies.serverweb-prod.com\/wp-content\/uploads\/2025\/01\/Illustration-homme-1.jpg 768w, https:\/\/pharmacie-de-battignies.serverweb-prod.com\/wp-content\/uploads\/2025\/01\/Illustration-homme-1-225x300.jpg 225w\" sizes=\"auto, (max-width: 768px) 100vw, 768px\" \/><\/div><\/figure><div class=\"vcex-spacing wpex-w-100 wpex-clear\" style=\"height:20px;\"><\/div><div class=\"vcex-heading vcex-module wpex-text-2xl wpex-font-normal wpex-m-auto wpex-max-w-100 vcex-heading-plain wpex-block\"><span class=\"vcex-heading-inner wpex-inline-block wpex-clr\">Hardy Malik <span class=\"wpex-badge\">Beheerder verzekeringen<\/span><\/span><\/div><div class=\"vcex-spacing wpex-w-100 wpex-clear\" style=\"height:20px;\"><\/div>[\/vc_column][\/vc_row][\/vc_section][vc_row full_width=&#8221;stretch_row&#8221; css=&#8221;.vc_custom_1625497862500{background-image: url(https:\/\/pharmacie-de-battignies.serverweb-prod.com\/wp-content\/uploads\/2021\/07\/bg-contact-accueil-assurancesbraet.jpg?id=9423) !important;background-position: center !important;background-repeat: no-repeat !important;background-size: cover !important;}&#8221; el_class=&#8221;bg-contact parallax&#8221;][vc_column css=&#8221;.vc_custom_1625495005188{padding-top: 0px !important;}&#8221;][vc_column_text css=&#8221;.vc_custom_1700751264036{margin-bottom: 0px !important;padding-top: 60px !important;padding-bottom: 60px !important;}&#8221;]\n<h2>Braet &amp; Co<br \/>\nContact<\/h2>\n<p>Ons team biedt u een gratis analyse van uw behoeften in onze kantoren op afspraak. Een professioneel team tot uw dienst voor zowel particulieren als professionals, neem nu contact met ons op!<\/p>\n<p class=\"btn-contact\"><a href=\"https:\/\/pharmacie-de-battignies.serverweb-prod.com\/nl\/contactez-nous-2\/\">Contacteer ons<\/a><\/p>\n[\/vc_column_text][\/vc_column][\/vc_row]\n<\/div>","protected":false},"excerpt":{"rendered":"<p>[vc_row content_placement=&#8221;middle&#8221; equal_height=&#8221;yes&#8221; css=&#8221;.vc_custom_1625481655162{margin-top: 60px !important;margin-bottom: 100px !important;background-position: center !important;background-repeat: no-repeat !important;background-size: cover !important;}&#8221;][vc_column width=&#8221;1\/2&#8243; css=&#8221;.vc_custom_1625764732647{margin-bottom: 0px !important;padding-top: 60px !important;padding-right: 5% !important;padding-bottom: 60px !important;}&#8221;][vc_column_text css=&#8221;.vc_custom_1700750995043{margin-bottom: 0px !important;}&#8221;]Ons team verwelkomt u voor al uw zakelijke of particuliere verzekeringscontracten in een van onze twee kantoren in Jodoigne of Wemmel. Als professionele verzekeringsmakelaars hebben we uitgebreide ervaring op&hellip;<\/p>\n","protected":false},"author":2,"featured_media":10117,"parent":0,"menu_order":0,"comment_status":"closed","ping_status":"closed","template":"","meta":{"_monsterinsights_skip_tracking":false,"_monsterinsights_sitenote_active":false,"_monsterinsights_sitenote_note":"","_monsterinsights_sitenote_category":0,"footnotes":""},"class_list":["post-9711","page","type-page","status-publish","has-post-thumbnail","hentry","entry","has-media"],"yoast_head":"<!-- This site is optimized with the Yoast SEO plugin v26.5 - https:\/\/yoast.com\/wordpress\/plugins\/seo\/ -->\n<title>Nos courtiers en assurances \u00e0 Wemmel &amp; Jodoigne | Braet &amp; Co.<\/title>\n<meta name=\"description\" content=\"D\u00e9couvrez notre \u00e9quipe de professionnels disponibles pour aider dans nos bureaux d&#039;assurances \u00e0 Jodoigne et Wemmel. Contactez-nous pour prendre rendez-vous.\" \/>\n<meta name=\"robots\" content=\"index, follow, max-snippet:-1, max-image-preview:large, max-video-preview:-1\" \/>\n<link rel=\"canonical\" href=\"https:\/\/pharmacie-de-battignies.serverweb-prod.com\/nl\/notre-equipe-1\/\" \/>\n<meta property=\"og:locale\" content=\"nl_NL\" \/>\n<meta property=\"og:type\" content=\"article\" \/>\n<meta property=\"og:title\" content=\"Nos courtiers en assurances \u00e0 Wemmel &amp; Jodoigne | Braet &amp; Co.\" \/>\n<meta property=\"og:description\" content=\"D\u00e9couvrez notre \u00e9quipe de professionnels disponibles pour aider dans nos bureaux d&#039;assurances \u00e0 Jodoigne et Wemmel. Contactez-nous pour prendre rendez-vous.\" \/>\n<meta property=\"og:url\" content=\"https:\/\/pharmacie-de-battignies.serverweb-prod.com\/nl\/notre-equipe-1\/\" \/>\n<meta property=\"og:site_name\" content=\"Braet &amp; Co.\" \/>\n<meta property=\"article:modified_time\" content=\"2025-01-02T16:23:48+00:00\" \/>\n<meta property=\"og:image\" content=\"https:\/\/pharmacie-de-battignies.serverweb-prod.com\/wp-content\/uploads\/2024\/12\/assurancesbraet-equipe-scaled.jpg\" \/>\n\t<meta property=\"og:image:width\" content=\"2560\" \/>\n\t<meta property=\"og:image:height\" content=\"1708\" \/>\n\t<meta property=\"og:image:type\" content=\"image\/jpeg\" \/>\n<meta name=\"twitter:card\" content=\"summary_large_image\" \/>\n<meta name=\"twitter:label1\" content=\"Geschatte leestijd\" \/>\n\t<meta name=\"twitter:data1\" content=\"4 minuten\" \/>\n<script type=\"application\/ld+json\" class=\"yoast-schema-graph\">{\"@context\":\"https:\/\/schema.org\",\"@graph\":[{\"@type\":\"WebPage\",\"@id\":\"https:\/\/pharmacie-de-battignies.serverweb-prod.com\/nl\/notre-equipe-1\/\",\"url\":\"https:\/\/pharmacie-de-battignies.serverweb-prod.com\/nl\/notre-equipe-1\/\",\"name\":\"Nos courtiers en assurances \u00e0 Wemmel & Jodoigne | Braet &amp; Co.\",\"isPartOf\":{\"@id\":\"https:\/\/pharmacie-de-battignies.serverweb-prod.com\/#website\"},\"primaryImageOfPage\":{\"@id\":\"https:\/\/pharmacie-de-battignies.serverweb-prod.com\/nl\/notre-equipe-1\/#primaryimage\"},\"image\":{\"@id\":\"https:\/\/pharmacie-de-battignies.serverweb-prod.com\/nl\/notre-equipe-1\/#primaryimage\"},\"thumbnailUrl\":\"https:\/\/pharmacie-de-battignies.serverweb-prod.com\/wp-content\/uploads\/2024\/12\/assurancesbraet-equipe-scaled.jpg\",\"datePublished\":\"2021-07-05T16:36:01+00:00\",\"dateModified\":\"2025-01-02T16:23:48+00:00\",\"description\":\"D\u00e9couvrez notre \u00e9quipe de professionnels disponibles pour aider dans nos bureaux d'assurances \u00e0 Jodoigne et Wemmel. Contactez-nous pour prendre rendez-vous.\",\"breadcrumb\":{\"@id\":\"https:\/\/pharmacie-de-battignies.serverweb-prod.com\/nl\/notre-equipe-1\/#breadcrumb\"},\"inLanguage\":\"nl-NL\",\"potentialAction\":[{\"@type\":\"ReadAction\",\"target\":[\"https:\/\/pharmacie-de-battignies.serverweb-prod.com\/nl\/notre-equipe-1\/\"]}]},{\"@type\":\"ImageObject\",\"inLanguage\":\"nl-NL\",\"@id\":\"https:\/\/pharmacie-de-battignies.serverweb-prod.com\/nl\/notre-equipe-1\/#primaryimage\",\"url\":\"https:\/\/pharmacie-de-battignies.serverweb-prod.com\/wp-content\/uploads\/2024\/12\/assurancesbraet-equipe-scaled.jpg\",\"contentUrl\":\"https:\/\/pharmacie-de-battignies.serverweb-prod.com\/wp-content\/uploads\/2024\/12\/assurancesbraet-equipe-scaled.jpg\",\"width\":2560,\"height\":1708},{\"@type\":\"BreadcrumbList\",\"@id\":\"https:\/\/pharmacie-de-battignies.serverweb-prod.com\/nl\/notre-equipe-1\/#breadcrumb\",\"itemListElement\":[{\"@type\":\"ListItem\",\"position\":1,\"name\":\"Accueil\",\"item\":\"https:\/\/pharmacie-de-battignies.serverweb-prod.com\/nl\/\"},{\"@type\":\"ListItem\",\"position\":2,\"name\":\"Ons team\"}]},{\"@type\":\"WebSite\",\"@id\":\"https:\/\/pharmacie-de-battignies.serverweb-prod.com\/#website\",\"url\":\"https:\/\/pharmacie-de-battignies.serverweb-prod.com\/\",\"name\":\"Braet & Co\",\"description\":\"Braet &amp; Co.\",\"publisher\":{\"@id\":\"https:\/\/pharmacie-de-battignies.serverweb-prod.com\/#organization\"},\"potentialAction\":[{\"@type\":\"SearchAction\",\"target\":{\"@type\":\"EntryPoint\",\"urlTemplate\":\"https:\/\/pharmacie-de-battignies.serverweb-prod.com\/?s={search_term_string}\"},\"query-input\":{\"@type\":\"PropertyValueSpecification\",\"valueRequired\":true,\"valueName\":\"search_term_string\"}}],\"inLanguage\":\"nl-NL\"},{\"@type\":\"Organization\",\"@id\":\"https:\/\/pharmacie-de-battignies.serverweb-prod.com\/#organization\",\"name\":\"Bread & Co\",\"url\":\"https:\/\/pharmacie-de-battignies.serverweb-prod.com\/\",\"logo\":{\"@type\":\"ImageObject\",\"inLanguage\":\"nl-NL\",\"@id\":\"https:\/\/pharmacie-de-battignies.serverweb-prod.com\/#\/schema\/logo\/image\/\",\"url\":\"https:\/\/pharmacie-de-battignies.serverweb-prod.com\/wp-content\/uploads\/2023\/11\/Logo-AB-BraetCo-BDEF.png\",\"contentUrl\":\"https:\/\/pharmacie-de-battignies.serverweb-prod.com\/wp-content\/uploads\/2023\/11\/Logo-AB-BraetCo-BDEF.png\",\"width\":442,\"height\":218,\"caption\":\"Bread & Co\"},\"image\":{\"@id\":\"https:\/\/pharmacie-de-battignies.serverweb-prod.com\/#\/schema\/logo\/image\/\"}}]}<\/script>\n<!-- \/ Yoast SEO plugin. -->","yoast_head_json":{"title":"Nos courtiers en assurances \u00e0 Wemmel & Jodoigne | Braet &amp; Co.","description":"D\u00e9couvrez notre \u00e9quipe de professionnels disponibles pour aider dans nos bureaux d'assurances \u00e0 Jodoigne et Wemmel. Contactez-nous pour prendre rendez-vous.","robots":{"index":"index","follow":"follow","max-snippet":"max-snippet:-1","max-image-preview":"max-image-preview:large","max-video-preview":"max-video-preview:-1"},"canonical":"https:\/\/pharmacie-de-battignies.serverweb-prod.com\/nl\/notre-equipe-1\/","og_locale":"nl_NL","og_type":"article","og_title":"Nos courtiers en assurances \u00e0 Wemmel & Jodoigne | Braet &amp; Co.","og_description":"D\u00e9couvrez notre \u00e9quipe de professionnels disponibles pour aider dans nos bureaux d'assurances \u00e0 Jodoigne et Wemmel. Contactez-nous pour prendre rendez-vous.","og_url":"https:\/\/pharmacie-de-battignies.serverweb-prod.com\/nl\/notre-equipe-1\/","og_site_name":"Braet &amp; Co.","article_modified_time":"2025-01-02T16:23:48+00:00","og_image":[{"width":2560,"height":1708,"url":"https:\/\/pharmacie-de-battignies.serverweb-prod.com\/wp-content\/uploads\/2024\/12\/assurancesbraet-equipe-scaled.jpg","type":"image\/jpeg"}],"twitter_card":"summary_large_image","twitter_misc":{"Geschatte leestijd":"4 minuten"},"schema":{"@context":"https:\/\/schema.org","@graph":[{"@type":"WebPage","@id":"https:\/\/pharmacie-de-battignies.serverweb-prod.com\/nl\/notre-equipe-1\/","url":"https:\/\/pharmacie-de-battignies.serverweb-prod.com\/nl\/notre-equipe-1\/","name":"Nos courtiers en assurances \u00e0 Wemmel & Jodoigne | Braet &amp; Co.","isPartOf":{"@id":"https:\/\/pharmacie-de-battignies.serverweb-prod.com\/#website"},"primaryImageOfPage":{"@id":"https:\/\/pharmacie-de-battignies.serverweb-prod.com\/nl\/notre-equipe-1\/#primaryimage"},"image":{"@id":"https:\/\/pharmacie-de-battignies.serverweb-prod.com\/nl\/notre-equipe-1\/#primaryimage"},"thumbnailUrl":"https:\/\/pharmacie-de-battignies.serverweb-prod.com\/wp-content\/uploads\/2024\/12\/assurancesbraet-equipe-scaled.jpg","datePublished":"2021-07-05T16:36:01+00:00","dateModified":"2025-01-02T16:23:48+00:00","description":"D\u00e9couvrez notre \u00e9quipe de professionnels disponibles pour aider dans nos bureaux d'assurances \u00e0 Jodoigne et Wemmel. Contactez-nous pour prendre rendez-vous.","breadcrumb":{"@id":"https:\/\/pharmacie-de-battignies.serverweb-prod.com\/nl\/notre-equipe-1\/#breadcrumb"},"inLanguage":"nl-NL","potentialAction":[{"@type":"ReadAction","target":["https:\/\/pharmacie-de-battignies.serverweb-prod.com\/nl\/notre-equipe-1\/"]}]},{"@type":"ImageObject","inLanguage":"nl-NL","@id":"https:\/\/pharmacie-de-battignies.serverweb-prod.com\/nl\/notre-equipe-1\/#primaryimage","url":"https:\/\/pharmacie-de-battignies.serverweb-prod.com\/wp-content\/uploads\/2024\/12\/assurancesbraet-equipe-scaled.jpg","contentUrl":"https:\/\/pharmacie-de-battignies.serverweb-prod.com\/wp-content\/uploads\/2024\/12\/assurancesbraet-equipe-scaled.jpg","width":2560,"height":1708},{"@type":"BreadcrumbList","@id":"https:\/\/pharmacie-de-battignies.serverweb-prod.com\/nl\/notre-equipe-1\/#breadcrumb","itemListElement":[{"@type":"ListItem","position":1,"name":"Accueil","item":"https:\/\/pharmacie-de-battignies.serverweb-prod.com\/nl\/"},{"@type":"ListItem","position":2,"name":"Ons team"}]},{"@type":"WebSite","@id":"https:\/\/pharmacie-de-battignies.serverweb-prod.com\/#website","url":"https:\/\/pharmacie-de-battignies.serverweb-prod.com\/","name":"Braet & Co","description":"Braet &amp; Co.","publisher":{"@id":"https:\/\/pharmacie-de-battignies.serverweb-prod.com\/#organization"},"potentialAction":[{"@type":"SearchAction","target":{"@type":"EntryPoint","urlTemplate":"https:\/\/pharmacie-de-battignies.serverweb-prod.com\/?s={search_term_string}"},"query-input":{"@type":"PropertyValueSpecification","valueRequired":true,"valueName":"search_term_string"}}],"inLanguage":"nl-NL"},{"@type":"Organization","@id":"https:\/\/pharmacie-de-battignies.serverweb-prod.com\/#organization","name":"Bread & Co","url":"https:\/\/pharmacie-de-battignies.serverweb-prod.com\/","logo":{"@type":"ImageObject","inLanguage":"nl-NL","@id":"https:\/\/pharmacie-de-battignies.serverweb-prod.com\/#\/schema\/logo\/image\/","url":"https:\/\/pharmacie-de-battignies.serverweb-prod.com\/wp-content\/uploads\/2023\/11\/Logo-AB-BraetCo-BDEF.png","contentUrl":"https:\/\/pharmacie-de-battignies.serverweb-prod.com\/wp-content\/uploads\/2023\/11\/Logo-AB-BraetCo-BDEF.png","width":442,"height":218,"caption":"Bread & Co"},"image":{"@id":"https:\/\/pharmacie-de-battignies.serverweb-prod.com\/#\/schema\/logo\/image\/"}}]}},"_links":{"self":[{"href":"https:\/\/pharmacie-de-battignies.serverweb-prod.com\/nl\/wp-json\/wp\/v2\/pages\/9711","targetHints":{"allow":["GET"]}}],"collection":[{"href":"https:\/\/pharmacie-de-battignies.serverweb-prod.com\/nl\/wp-json\/wp\/v2\/pages"}],"about":[{"href":"https:\/\/pharmacie-de-battignies.serverweb-prod.com\/nl\/wp-json\/wp\/v2\/types\/page"}],"author":[{"embeddable":true,"href":"https:\/\/pharmacie-de-battignies.serverweb-prod.com\/nl\/wp-json\/wp\/v2\/users\/2"}],"replies":[{"embeddable":true,"href":"https:\/\/pharmacie-de-battignies.serverweb-prod.com\/nl\/wp-json\/wp\/v2\/comments?post=9711"}],"version-history":[{"count":7,"href":"https:\/\/pharmacie-de-battignies.serverweb-prod.com\/nl\/wp-json\/wp\/v2\/pages\/9711\/revisions"}],"predecessor-version":[{"id":10125,"href":"https:\/\/pharmacie-de-battignies.serverweb-prod.com\/nl\/wp-json\/wp\/v2\/pages\/9711\/revisions\/10125"}],"wp:featuredmedia":[{"embeddable":true,"href":"https:\/\/pharmacie-de-battignies.serverweb-prod.com\/nl\/wp-json\/wp\/v2\/media\/10117"}],"wp:attachment":[{"href":"https:\/\/pharmacie-de-battignies.serverweb-prod.com\/nl\/wp-json\/wp\/v2\/media?parent=9711"}],"curies":[{"name":"wp","href":"https:\/\/api.w.org\/{rel}","templated":true}]}}