{"id":9713,"date":"2021-07-05T16:00:03","date_gmt":"2021-07-05T16:00:03","guid":{"rendered":"https:\/\/www.braet-brabant.be\/bureau-a-jodoigne\/"},"modified":"2023-11-23T15:12:59","modified_gmt":"2023-11-23T15:12:59","slug":"bureau-a-jodoigne","status":"publish","type":"page","link":"https:\/\/pharmacie-de-battignies.serverweb-prod.com\/nl\/bureau-a-jodoigne\/","title":{"rendered":"Verzekeringskantoor in Jodoigne"},"content":{"rendered":"<div class=\"wpb-content-wrapper\">[vc_row content_placement=&#8221;middle&#8221; equal_height=&#8221;yes&#8221; css=&#8221;.vc_custom_1625481655162{margin-top: 60px !important;margin-bottom: 100px !important;background-position: center !important;background-repeat: no-repeat !important;background-size: cover !important;}&#8221;][vc_column width=&#8221;1\/2&#8243; css=&#8221;.vc_custom_1625764606108{margin-bottom: 0px !important;padding-top: 60px !important;padding-right: 5% !important;padding-bottom: 60px !important;}&#8221;]<h2 class=\"vcex-heading vcex-module wpex-text-2xl wpex-font-normal wpex-m-auto wpex-max-w-100 vcex-heading-plain wpex-block vc_custom_1700752256425\"><span class=\"vcex-heading-inner wpex-inline-block wpex-clr\">Braet &amp; Co<br \/>\nOns kantoor in Jodoigne<\/span><\/h2>[vc_column_text css=&#8221;.vc_custom_1700752313897{margin-bottom: 0px !important;}&#8221;]U woont niet ver van Louvain-la-Neuve, Ottignies of Chastre? Bent u op zoek naar een verzekeringsmakelaar om uw nieuwe woning te verzekeren? Heeft u een reisverzekering nodig voor uw volgende reis naar het buitenland? Ontdek onze op maat gemaakte formules die in realtime aan al uw behoeften voldoen, in ons kantoor in Jodoigne, niet ver van Louvain-la-Neuve en Ottignies.<\/p>\n<p>We hebben twee afzonderlijke kantoren die onder dezelfde vlag werken. U krijgt dezelfde vriendelijke en aangename ontvangst, zowel in ons kantoor in Jodoigne als in Wemmel. We zijn er trots op u te begeleiden bij alle grote momenten in uw leven en uw huis, uw familie, uw bedrijf, evenals uw personeel en inkomsten te verzekeren.<\/p>\n<p>Bereid u voor op uw pensioen met gemoedsrust dankzij onze verschillende contracten voor zowel professionals als particulieren. We kunnen u adviseren over uitgebreide en interessante beleggingen en spaarplannen, of u nu een werknemer of een bedrijfsleider bent, en of u nu uw toekomst wilt voorbereiden of uw inkomensverlies bij pensionering wilt beperken.[\/vc_column_text][\/vc_column][vc_column width=&#8221;1\/2&#8243; css=&#8221;.vc_custom_1625648455898{margin-bottom: 0px !important;padding-top: 50% !important;background-image: url(https:\/\/pharmacie-de-battignies.serverweb-prod.com\/wp-content\/uploads\/2021\/07\/bureau-a-jodoigne-subheader-assurancesbraet.jpg?id=9462) !important;background-position: center !important;background-repeat: no-repeat !important;background-size: cover !important;}&#8221; el_class=&#8221;dsgn&#8221;][\/vc_column][\/vc_row][vc_row full_width=&#8221;stretch_row&#8221; css=&#8221;.vc_custom_1625497862500{background-image: url(https:\/\/pharmacie-de-battignies.serverweb-prod.com\/wp-content\/uploads\/2021\/07\/bg-contact-accueil-assurancesbraet.jpg?id=9423) !important;background-position: center !important;background-repeat: no-repeat !important;background-size: cover !important;}&#8221; el_class=&#8221;bg-contact parallax&#8221;][vc_column css=&#8221;.vc_custom_1625495005188{padding-top: 0px !important;}&#8221;][vc_column_text css=&#8221;.vc_custom_1700752375886{margin-bottom: 0px !important;padding-top: 60px !important;padding-bottom: 60px !important;}&#8221;]\n<h2>Braet &amp; Co<br \/>\nContact<\/h2>\n<p>Voor informatie over ons kantoor in Jodoigne of voor een persoonlijke analyse, neem contact op met onze verzekeringsmakelaars.<\/p>\n<p class=\"btn-contact\"><a href=\"https:\/\/pharmacie-de-battignies.serverweb-prod.com\/nl\/contactez-nous-2\/\">Contacteer ons<\/a><\/p>\n[\/vc_column_text][\/vc_column][\/vc_row]\n<\/div>","protected":false},"excerpt":{"rendered":"<p>[vc_row content_placement=&#8221;middle&#8221; equal_height=&#8221;yes&#8221; css=&#8221;.vc_custom_1625481655162{margin-top: 60px !important;margin-bottom: 100px !important;background-position: center !important;background-repeat: no-repeat !important;background-size: cover !important;}&#8221;][vc_column width=&#8221;1\/2&#8243; css=&#8221;.vc_custom_1625764606108{margin-bottom: 0px !important;padding-top: 60px !important;padding-right: 5% !important;padding-bottom: 60px !important;}&#8221;][vc_column_text css=&#8221;.vc_custom_1700752313897{margin-bottom: 0px !important;}&#8221;]U woont niet ver van Louvain-la-Neuve, Ottignies of Chastre? Bent u op zoek naar een verzekeringsmakelaar om uw nieuwe woning te verzekeren? Heeft u een reisverzekering nodig voor uw&hellip;<\/p>\n","protected":false},"author":2,"featured_media":9461,"parent":0,"menu_order":0,"comment_status":"closed","ping_status":"closed","template":"","meta":{"_monsterinsights_skip_tracking":false,"_monsterinsights_sitenote_active":false,"_monsterinsights_sitenote_note":"","_monsterinsights_sitenote_category":0,"footnotes":""},"class_list":["post-9713","page","type-page","status-publish","has-post-thumbnail","hentry","entry","has-media"],"yoast_head":"<!-- This site is optimized with the Yoast SEO plugin v26.5 - https:\/\/yoast.com\/wordpress\/plugins\/seo\/ -->\n<title>Bureau d&#039;assurances pour particuliers &amp; professionnels \u00e0 Jodoigne<\/title>\n<meta name=\"description\" content=\"Braet &amp; Co. est \u00e0 votre disposition pour trouver l&#039;assurance adapt\u00e9e \u00e0 vos besoins et vous conseiller sur des placements et des plans \u00e9pargne int\u00e9ressants.\" \/>\n<meta name=\"robots\" content=\"index, follow, max-snippet:-1, max-image-preview:large, max-video-preview:-1\" \/>\n<link rel=\"canonical\" href=\"https:\/\/pharmacie-de-battignies.serverweb-prod.com\/nl\/bureau-a-jodoigne\/\" \/>\n<meta property=\"og:locale\" content=\"nl_NL\" \/>\n<meta property=\"og:type\" content=\"article\" \/>\n<meta property=\"og:title\" content=\"Bureau d&#039;assurances pour particuliers &amp; professionnels \u00e0 Jodoigne\" \/>\n<meta property=\"og:description\" content=\"Braet &amp; Co. est \u00e0 votre disposition pour trouver l&#039;assurance adapt\u00e9e \u00e0 vos besoins et vous conseiller sur des placements et des plans \u00e9pargne int\u00e9ressants.\" \/>\n<meta property=\"og:url\" content=\"https:\/\/pharmacie-de-battignies.serverweb-prod.com\/nl\/bureau-a-jodoigne\/\" \/>\n<meta property=\"og:site_name\" content=\"Braet &amp; Co.\" \/>\n<meta property=\"article:modified_time\" content=\"2023-11-23T15:12:59+00:00\" \/>\n<meta property=\"og:image\" content=\"https:\/\/pharmacie-de-battignies.serverweb-prod.com\/wp-content\/uploads\/2021\/07\/bureau-a-jodoigne-assurancesbraet.jpg\" \/>\n\t<meta property=\"og:image:width\" content=\"1920\" \/>\n\t<meta property=\"og:image:height\" content=\"1280\" \/>\n\t<meta property=\"og:image:type\" content=\"image\/jpeg\" \/>\n<meta name=\"twitter:card\" content=\"summary_large_image\" \/>\n<meta name=\"twitter:label1\" content=\"Geschatte leestijd\" \/>\n\t<meta name=\"twitter:data1\" content=\"2 minuten\" \/>\n<script type=\"application\/ld+json\" class=\"yoast-schema-graph\">{\"@context\":\"https:\/\/schema.org\",\"@graph\":[{\"@type\":\"WebPage\",\"@id\":\"https:\/\/pharmacie-de-battignies.serverweb-prod.com\/nl\/bureau-a-jodoigne\/\",\"url\":\"https:\/\/pharmacie-de-battignies.serverweb-prod.com\/nl\/bureau-a-jodoigne\/\",\"name\":\"Bureau d'assurances pour particuliers & professionnels \u00e0 Jodoigne\",\"isPartOf\":{\"@id\":\"https:\/\/pharmacie-de-battignies.serverweb-prod.com\/#website\"},\"primaryImageOfPage\":{\"@id\":\"https:\/\/pharmacie-de-battignies.serverweb-prod.com\/nl\/bureau-a-jodoigne\/#primaryimage\"},\"image\":{\"@id\":\"https:\/\/pharmacie-de-battignies.serverweb-prod.com\/nl\/bureau-a-jodoigne\/#primaryimage\"},\"thumbnailUrl\":\"https:\/\/pharmacie-de-battignies.serverweb-prod.com\/wp-content\/uploads\/2021\/07\/bureau-a-jodoigne-assurancesbraet.jpg\",\"datePublished\":\"2021-07-05T16:00:03+00:00\",\"dateModified\":\"2023-11-23T15:12:59+00:00\",\"description\":\"Braet &amp; Co. est \u00e0 votre disposition pour trouver l'assurance adapt\u00e9e \u00e0 vos besoins et vous conseiller sur des placements et des plans \u00e9pargne int\u00e9ressants.\",\"breadcrumb\":{\"@id\":\"https:\/\/pharmacie-de-battignies.serverweb-prod.com\/nl\/bureau-a-jodoigne\/#breadcrumb\"},\"inLanguage\":\"nl-NL\",\"potentialAction\":[{\"@type\":\"ReadAction\",\"target\":[\"https:\/\/pharmacie-de-battignies.serverweb-prod.com\/nl\/bureau-a-jodoigne\/\"]}]},{\"@type\":\"ImageObject\",\"inLanguage\":\"nl-NL\",\"@id\":\"https:\/\/pharmacie-de-battignies.serverweb-prod.com\/nl\/bureau-a-jodoigne\/#primaryimage\",\"url\":\"https:\/\/pharmacie-de-battignies.serverweb-prod.com\/wp-content\/uploads\/2021\/07\/bureau-a-jodoigne-assurancesbraet.jpg\",\"contentUrl\":\"https:\/\/pharmacie-de-battignies.serverweb-prod.com\/wp-content\/uploads\/2021\/07\/bureau-a-jodoigne-assurancesbraet.jpg\",\"width\":1920,\"height\":1280,\"caption\":\"Unrecognizable man signing a contract while financial advisor is aiming at the place he need to sign.\"},{\"@type\":\"BreadcrumbList\",\"@id\":\"https:\/\/pharmacie-de-battignies.serverweb-prod.com\/nl\/bureau-a-jodoigne\/#breadcrumb\",\"itemListElement\":[{\"@type\":\"ListItem\",\"position\":1,\"name\":\"Accueil\",\"item\":\"https:\/\/pharmacie-de-battignies.serverweb-prod.com\/nl\/\"},{\"@type\":\"ListItem\",\"position\":2,\"name\":\"Verzekeringskantoor in Jodoigne\"}]},{\"@type\":\"WebSite\",\"@id\":\"https:\/\/pharmacie-de-battignies.serverweb-prod.com\/#website\",\"url\":\"https:\/\/pharmacie-de-battignies.serverweb-prod.com\/\",\"name\":\"Braet & Co\",\"description\":\"Braet &amp; Co.\",\"publisher\":{\"@id\":\"https:\/\/pharmacie-de-battignies.serverweb-prod.com\/#organization\"},\"potentialAction\":[{\"@type\":\"SearchAction\",\"target\":{\"@type\":\"EntryPoint\",\"urlTemplate\":\"https:\/\/pharmacie-de-battignies.serverweb-prod.com\/?s={search_term_string}\"},\"query-input\":{\"@type\":\"PropertyValueSpecification\",\"valueRequired\":true,\"valueName\":\"search_term_string\"}}],\"inLanguage\":\"nl-NL\"},{\"@type\":\"Organization\",\"@id\":\"https:\/\/pharmacie-de-battignies.serverweb-prod.com\/#organization\",\"name\":\"Bread & Co\",\"url\":\"https:\/\/pharmacie-de-battignies.serverweb-prod.com\/\",\"logo\":{\"@type\":\"ImageObject\",\"inLanguage\":\"nl-NL\",\"@id\":\"https:\/\/pharmacie-de-battignies.serverweb-prod.com\/#\/schema\/logo\/image\/\",\"url\":\"https:\/\/pharmacie-de-battignies.serverweb-prod.com\/wp-content\/uploads\/2023\/11\/Logo-AB-BraetCo-BDEF.png\",\"contentUrl\":\"https:\/\/pharmacie-de-battignies.serverweb-prod.com\/wp-content\/uploads\/2023\/11\/Logo-AB-BraetCo-BDEF.png\",\"width\":442,\"height\":218,\"caption\":\"Bread & Co\"},\"image\":{\"@id\":\"https:\/\/pharmacie-de-battignies.serverweb-prod.com\/#\/schema\/logo\/image\/\"}}]}<\/script>\n<!-- \/ Yoast SEO plugin. -->","yoast_head_json":{"title":"Bureau d'assurances pour particuliers & professionnels \u00e0 Jodoigne","description":"Braet &amp; Co. est \u00e0 votre disposition pour trouver l'assurance adapt\u00e9e \u00e0 vos besoins et vous conseiller sur des placements et des plans \u00e9pargne int\u00e9ressants.","robots":{"index":"index","follow":"follow","max-snippet":"max-snippet:-1","max-image-preview":"max-image-preview:large","max-video-preview":"max-video-preview:-1"},"canonical":"https:\/\/pharmacie-de-battignies.serverweb-prod.com\/nl\/bureau-a-jodoigne\/","og_locale":"nl_NL","og_type":"article","og_title":"Bureau d'assurances pour particuliers & professionnels \u00e0 Jodoigne","og_description":"Braet &amp; Co. est \u00e0 votre disposition pour trouver l'assurance adapt\u00e9e \u00e0 vos besoins et vous conseiller sur des placements et des plans \u00e9pargne int\u00e9ressants.","og_url":"https:\/\/pharmacie-de-battignies.serverweb-prod.com\/nl\/bureau-a-jodoigne\/","og_site_name":"Braet &amp; Co.","article_modified_time":"2023-11-23T15:12:59+00:00","og_image":[{"width":1920,"height":1280,"url":"https:\/\/pharmacie-de-battignies.serverweb-prod.com\/wp-content\/uploads\/2021\/07\/bureau-a-jodoigne-assurancesbraet.jpg","type":"image\/jpeg"}],"twitter_card":"summary_large_image","twitter_misc":{"Geschatte leestijd":"2 minuten"},"schema":{"@context":"https:\/\/schema.org","@graph":[{"@type":"WebPage","@id":"https:\/\/pharmacie-de-battignies.serverweb-prod.com\/nl\/bureau-a-jodoigne\/","url":"https:\/\/pharmacie-de-battignies.serverweb-prod.com\/nl\/bureau-a-jodoigne\/","name":"Bureau d'assurances pour particuliers & professionnels \u00e0 Jodoigne","isPartOf":{"@id":"https:\/\/pharmacie-de-battignies.serverweb-prod.com\/#website"},"primaryImageOfPage":{"@id":"https:\/\/pharmacie-de-battignies.serverweb-prod.com\/nl\/bureau-a-jodoigne\/#primaryimage"},"image":{"@id":"https:\/\/pharmacie-de-battignies.serverweb-prod.com\/nl\/bureau-a-jodoigne\/#primaryimage"},"thumbnailUrl":"https:\/\/pharmacie-de-battignies.serverweb-prod.com\/wp-content\/uploads\/2021\/07\/bureau-a-jodoigne-assurancesbraet.jpg","datePublished":"2021-07-05T16:00:03+00:00","dateModified":"2023-11-23T15:12:59+00:00","description":"Braet &amp; Co. est \u00e0 votre disposition pour trouver l'assurance adapt\u00e9e \u00e0 vos besoins et vous conseiller sur des placements et des plans \u00e9pargne int\u00e9ressants.","breadcrumb":{"@id":"https:\/\/pharmacie-de-battignies.serverweb-prod.com\/nl\/bureau-a-jodoigne\/#breadcrumb"},"inLanguage":"nl-NL","potentialAction":[{"@type":"ReadAction","target":["https:\/\/pharmacie-de-battignies.serverweb-prod.com\/nl\/bureau-a-jodoigne\/"]}]},{"@type":"ImageObject","inLanguage":"nl-NL","@id":"https:\/\/pharmacie-de-battignies.serverweb-prod.com\/nl\/bureau-a-jodoigne\/#primaryimage","url":"https:\/\/pharmacie-de-battignies.serverweb-prod.com\/wp-content\/uploads\/2021\/07\/bureau-a-jodoigne-assurancesbraet.jpg","contentUrl":"https:\/\/pharmacie-de-battignies.serverweb-prod.com\/wp-content\/uploads\/2021\/07\/bureau-a-jodoigne-assurancesbraet.jpg","width":1920,"height":1280,"caption":"Unrecognizable man signing a contract while financial advisor is aiming at the place he need to sign."},{"@type":"BreadcrumbList","@id":"https:\/\/pharmacie-de-battignies.serverweb-prod.com\/nl\/bureau-a-jodoigne\/#breadcrumb","itemListElement":[{"@type":"ListItem","position":1,"name":"Accueil","item":"https:\/\/pharmacie-de-battignies.serverweb-prod.com\/nl\/"},{"@type":"ListItem","position":2,"name":"Verzekeringskantoor in Jodoigne"}]},{"@type":"WebSite","@id":"https:\/\/pharmacie-de-battignies.serverweb-prod.com\/#website","url":"https:\/\/pharmacie-de-battignies.serverweb-prod.com\/","name":"Braet & Co","description":"Braet &amp; Co.","publisher":{"@id":"https:\/\/pharmacie-de-battignies.serverweb-prod.com\/#organization"},"potentialAction":[{"@type":"SearchAction","target":{"@type":"EntryPoint","urlTemplate":"https:\/\/pharmacie-de-battignies.serverweb-prod.com\/?s={search_term_string}"},"query-input":{"@type":"PropertyValueSpecification","valueRequired":true,"valueName":"search_term_string"}}],"inLanguage":"nl-NL"},{"@type":"Organization","@id":"https:\/\/pharmacie-de-battignies.serverweb-prod.com\/#organization","name":"Bread & Co","url":"https:\/\/pharmacie-de-battignies.serverweb-prod.com\/","logo":{"@type":"ImageObject","inLanguage":"nl-NL","@id":"https:\/\/pharmacie-de-battignies.serverweb-prod.com\/#\/schema\/logo\/image\/","url":"https:\/\/pharmacie-de-battignies.serverweb-prod.com\/wp-content\/uploads\/2023\/11\/Logo-AB-BraetCo-BDEF.png","contentUrl":"https:\/\/pharmacie-de-battignies.serverweb-prod.com\/wp-content\/uploads\/2023\/11\/Logo-AB-BraetCo-BDEF.png","width":442,"height":218,"caption":"Bread & Co"},"image":{"@id":"https:\/\/pharmacie-de-battignies.serverweb-prod.com\/#\/schema\/logo\/image\/"}}]}},"_links":{"self":[{"href":"https:\/\/pharmacie-de-battignies.serverweb-prod.com\/nl\/wp-json\/wp\/v2\/pages\/9713","targetHints":{"allow":["GET"]}}],"collection":[{"href":"https:\/\/pharmacie-de-battignies.serverweb-prod.com\/nl\/wp-json\/wp\/v2\/pages"}],"about":[{"href":"https:\/\/pharmacie-de-battignies.serverweb-prod.com\/nl\/wp-json\/wp\/v2\/types\/page"}],"author":[{"embeddable":true,"href":"https:\/\/pharmacie-de-battignies.serverweb-prod.com\/nl\/wp-json\/wp\/v2\/users\/2"}],"replies":[{"embeddable":true,"href":"https:\/\/pharmacie-de-battignies.serverweb-prod.com\/nl\/wp-json\/wp\/v2\/comments?post=9713"}],"version-history":[{"count":2,"href":"https:\/\/pharmacie-de-battignies.serverweb-prod.com\/nl\/wp-json\/wp\/v2\/pages\/9713\/revisions"}],"predecessor-version":[{"id":9790,"href":"https:\/\/pharmacie-de-battignies.serverweb-prod.com\/nl\/wp-json\/wp\/v2\/pages\/9713\/revisions\/9790"}],"wp:featuredmedia":[{"embeddable":true,"href":"https:\/\/pharmacie-de-battignies.serverweb-prod.com\/nl\/wp-json\/wp\/v2\/media\/9461"}],"wp:attachment":[{"href":"https:\/\/pharmacie-de-battignies.serverweb-prod.com\/nl\/wp-json\/wp\/v2\/media?parent=9713"}],"curies":[{"name":"wp","href":"https:\/\/api.w.org\/{rel}","templated":true}]}}